{"id":354,"date":"2021-06-09T19:20:14","date_gmt":"2021-06-09T22:20:14","guid":{"rendered":"https:\/\/drjoaoalmeida.com\/?page_id=354"},"modified":"2021-06-09T19:21:18","modified_gmt":"2021-06-09T22:21:18","slug":"toxina-botulinica-terapeutica","status":"publish","type":"page","link":"https:\/\/margoweb.com.br\/drjoaoalmeida\/toxina-botulinica-terapeutica\/","title":{"rendered":"Toxina Botul\u00ednica Terap\u00eautica"},"content":{"rendered":"\t\t<div data-elementor-type=\"wp-page\" data-elementor-id=\"354\" class=\"elementor elementor-354\" data-elementor-settings=\"[]\">\n\t\t\t\t\t\t\t<div class=\"elementor-section-wrap\">\n\t\t\t\t\t\t\t<section class=\"elementor-section elementor-top-section elementor-element elementor-element-91a0d93 elementor-section-boxed elementor-section-height-default elementor-section-height-default\" data-id=\"91a0d93\" data-element_type=\"section\">\n\t\t\t\t\t\t<div class=\"elementor-container elementor-column-gap-default\">\n\t\t\t\t\t<div class=\"elementor-column elementor-col-100 elementor-top-column elementor-element elementor-element-2e352a7\" data-id=\"2e352a7\" data-element_type=\"column\">\n\t\t\t<div class=\"elementor-widget-wrap elementor-element-populated\">\n\t\t\t\t\t\t\t\t<div class=\"elementor-element elementor-element-e535f2e elementor-widget elementor-widget-spacer\" data-id=\"e535f2e\" data-element_type=\"widget\" data-widget_type=\"spacer.default\">\n\t\t\t\t<div class=\"elementor-widget-container\">\n\t\t\t\t\t<div class=\"elementor-spacer\">\n\t\t\t<div class=\"elementor-spacer-inner\"><\/div>\n\t\t<\/div>\n\t\t\t\t<\/div>\n\t\t\t\t<\/div>\n\t\t\t\t\t<\/div>\n\t\t<\/div>\n\t\t\t\t\t\t\t<\/div>\n\t\t<\/section>\n\t\t\t\t<section class=\"elementor-section elementor-top-section elementor-element elementor-element-f6ebae9 elementor-section-boxed elementor-section-height-default elementor-section-height-default\" data-id=\"f6ebae9\" data-element_type=\"section\">\n\t\t\t\t\t\t<div class=\"elementor-container elementor-column-gap-default\">\n\t\t\t\t\t<div class=\"elementor-column elementor-col-100 elementor-top-column elementor-element elementor-element-4517d73\" data-id=\"4517d73\" data-element_type=\"column\">\n\t\t\t<div class=\"elementor-widget-wrap elementor-element-populated\">\n\t\t\t\t\t\t\t\t<div class=\"elementor-element elementor-element-f69b3b7 elementor-widget elementor-widget-heading\" data-id=\"f69b3b7\" data-element_type=\"widget\" data-widget_type=\"heading.default\">\n\t\t\t\t<div class=\"elementor-widget-container\">\n\t\t\t<h2 class=\"elementor-heading-title elementor-size-default\">Toxina Botul\u00ednica Terap\u00eautica<\/h2>\t\t<\/div>\n\t\t\t\t<\/div>\n\t\t\t\t\t<\/div>\n\t\t<\/div>\n\t\t\t\t\t\t\t<\/div>\n\t\t<\/section>\n\t\t\t\t<section class=\"elementor-section elementor-top-section elementor-element elementor-element-eee6f6b elementor-section-boxed elementor-section-height-default elementor-section-height-default\" data-id=\"eee6f6b\" data-element_type=\"section\">\n\t\t\t\t\t\t<div class=\"elementor-container elementor-column-gap-default\">\n\t\t\t\t\t<div class=\"elementor-column elementor-col-100 elementor-top-column elementor-element elementor-element-0ab5534\" data-id=\"0ab5534\" data-element_type=\"column\">\n\t\t\t<div class=\"elementor-widget-wrap elementor-element-populated\">\n\t\t\t\t\t\t\t\t<div class=\"elementor-element elementor-element-77bbc65 elementor-widget elementor-widget-text-editor\" data-id=\"77bbc65\" data-element_type=\"widget\" data-widget_type=\"text-editor.default\">\n\t\t\t\t<div class=\"elementor-widget-container\">\n\t\t\t\t\t\t\t\t<p>A aplica\u00e7\u00e3o da toxina botul\u00ednica terap\u00eautica \u00e9 um tipo de bloqueio qu\u00edmico neuromuscular e \u00e9 um recurso de tratamento j\u00e1 h\u00e1 tempos sendo muito utilizado no processo reabilitacional de pacientes que apresentam altera\u00e7\u00f5es do movimento devido a sequelas de doen\u00e7as neurol\u00f3gicas como o acidente vascular encef\u00e1lico (AVC), a paralisia cerebral, a les\u00e3o medular, traumatismo cr\u00e2nio encef\u00e1lico (TCE), esclerose m\u00faltipla, distonia, entre outras.<\/p><p>Na maioria dos casos, os pacientes com tais les\u00f5es neurol\u00f3gicas apresentam espasmos musculares e\/ou espasticidade, que \u00e9 uma altera\u00e7\u00e3o do t\u00f4nus muscular, envolvendo hipertonia e hiperreflexia, no momento da contra\u00e7\u00e3o muscular, evidenciados quando feito mobiliza\u00e7\u00e3o ativa dependente de velocidade.<\/p><p>A altera\u00e7\u00e3o muscular provocada pela espasticidade impede uma amplitude de movimento adequada que pode levar ao encurtamento das fibras musculares ou tend\u00f5es, causando contratura em estruturas articulares, podendo gerar deformidades fixas.<\/p><p>O principal objetivo do uso da toxina botulina \u00e9 facilitar o processo de reabilita\u00e7\u00e3o, melhorando a rigidez e possibilitando uma reeduca\u00e7\u00e3o neuromuscular, tal a\u00e7\u00e3o evita as deformidades com controle do componente esp\u00e1stico, propiciando um relaxamento muscular necess\u00e1rio para a aquisi\u00e7\u00e3o de mais mobilidade, fundamental para a melhora da qualidade de vida dos paciente.<\/p><p>Os benef\u00edcios do tratamento com toxina botul\u00ednica s\u00e3o, a diminui\u00e7\u00e3o da frequ\u00eancia e gravidade de espasmos, preven\u00e7\u00e3o de contraturas e deformidades, facilita\u00e7\u00e3o do uso de \u00f3rteses e at\u00e9 de higieniza\u00e7\u00e3o, diminui\u00e7\u00e3o da dor, e suspens\u00e3o ou retardo da indica\u00e7\u00e3o de procedimentos cir\u00fargicos como por exemplo o alongamento tend\u00edneo, entre outros benef\u00edcios dependendo da indica\u00e7\u00e3o da aplica\u00e7\u00e3o.<\/p>\t\t\t\t\t\t<\/div>\n\t\t\t\t<\/div>\n\t\t\t\t\t<\/div>\n\t\t<\/div>\n\t\t\t\t\t\t\t<\/div>\n\t\t<\/section>\n\t\t\t\t<section class=\"elementor-section elementor-top-section elementor-element elementor-element-b8fc38b elementor-section-boxed elementor-section-height-default elementor-section-height-default\" data-id=\"b8fc38b\" data-element_type=\"section\">\n\t\t\t\t\t\t<div class=\"elementor-container elementor-column-gap-default\">\n\t\t\t\t\t<div class=\"elementor-column elementor-col-100 elementor-top-column elementor-element elementor-element-5a1c81d\" data-id=\"5a1c81d\" data-element_type=\"column\">\n\t\t\t<div class=\"elementor-widget-wrap elementor-element-populated\">\n\t\t\t\t\t\t\t\t<div class=\"elementor-element elementor-element-3f2d47b elementor-widget elementor-widget-spacer\" data-id=\"3f2d47b\" data-element_type=\"widget\" data-widget_type=\"spacer.default\">\n\t\t\t\t<div class=\"elementor-widget-container\">\n\t\t\t\t\t<div class=\"elementor-spacer\">\n\t\t\t<div class=\"elementor-spacer-inner\"><\/div>\n\t\t<\/div>\n\t\t\t\t<\/div>\n\t\t\t\t<\/div>\n\t\t\t\t\t<\/div>\n\t\t<\/div>\n\t\t\t\t\t\t\t<\/div>\n\t\t<\/section>\n\t\t\t\t\t\t<\/div>\n\t\t\t\t\t<\/div>\n\t\t","protected":false},"excerpt":{"rendered":"<p>Toxina Botul\u00ednica Terap\u00eautica A aplica\u00e7\u00e3o da toxina botul\u00ednica terap\u00eautica \u00e9 um tipo de bloqueio qu\u00edmico neuromuscular e \u00e9 um recurso de tratamento j\u00e1 h\u00e1 tempos sendo muito utilizado no processo reabilitacional de pacientes que apresentam altera\u00e7\u00f5es do movimento devido a sequelas de doen\u00e7as neurol\u00f3gicas como o acidente vascular encef\u00e1lico (AVC), a paralisia cerebral, a les\u00e3o&hellip; <a class=\"more-link\" href=\"https:\/\/margoweb.com.br\/drjoaoalmeida\/toxina-botulinica-terapeutica\/\">Continuar lendo <span class=\"screen-reader-text\">Toxina Botul\u00ednica Terap\u00eautica<\/span><\/a><\/p>\n","protected":false},"author":1,"featured_media":0,"parent":0,"menu_order":0,"comment_status":"closed","ping_status":"closed","template":"elementor_header_footer","meta":{"footnotes":""},"class_list":["post-354","page","type-page","status-publish","hentry","entry"],"_links":{"self":[{"href":"https:\/\/margoweb.com.br\/drjoaoalmeida\/wp-json\/wp\/v2\/pages\/354","targetHints":{"allow":["GET"]}}],"collection":[{"href":"https:\/\/margoweb.com.br\/drjoaoalmeida\/wp-json\/wp\/v2\/pages"}],"about":[{"href":"https:\/\/margoweb.com.br\/drjoaoalmeida\/wp-json\/wp\/v2\/types\/page"}],"author":[{"embeddable":true,"href":"https:\/\/margoweb.com.br\/drjoaoalmeida\/wp-json\/wp\/v2\/users\/1"}],"replies":[{"embeddable":true,"href":"https:\/\/margoweb.com.br\/drjoaoalmeida\/wp-json\/wp\/v2\/comments?post=354"}],"version-history":[{"count":4,"href":"https:\/\/margoweb.com.br\/drjoaoalmeida\/wp-json\/wp\/v2\/pages\/354\/revisions"}],"predecessor-version":[{"id":359,"href":"https:\/\/margoweb.com.br\/drjoaoalmeida\/wp-json\/wp\/v2\/pages\/354\/revisions\/359"}],"wp:attachment":[{"href":"https:\/\/margoweb.com.br\/drjoaoalmeida\/wp-json\/wp\/v2\/media?parent=354"}],"curies":[{"name":"wp","href":"https:\/\/api.w.org\/{rel}","templated":true}]}}