{"id":348,"date":"2021-06-09T19:18:53","date_gmt":"2021-06-09T22:18:53","guid":{"rendered":"https:\/\/drjoaoalmeida.com\/?page_id=348"},"modified":"2021-06-09T19:19:58","modified_gmt":"2021-06-09T22:19:58","slug":"mesoterapia","status":"publish","type":"page","link":"https:\/\/margoweb.com.br\/drjoaoalmeida\/mesoterapia\/","title":{"rendered":"Mesoterapia"},"content":{"rendered":"\t\t<div data-elementor-type=\"wp-page\" data-elementor-id=\"348\" class=\"elementor elementor-348\" data-elementor-settings=\"[]\">\n\t\t\t\t\t\t\t<div class=\"elementor-section-wrap\">\n\t\t\t\t\t\t\t<section class=\"elementor-section elementor-top-section elementor-element elementor-element-dccc443 elementor-section-boxed elementor-section-height-default elementor-section-height-default\" data-id=\"dccc443\" data-element_type=\"section\">\n\t\t\t\t\t\t<div class=\"elementor-container elementor-column-gap-default\">\n\t\t\t\t\t<div class=\"elementor-column elementor-col-100 elementor-top-column elementor-element elementor-element-d7523ed\" data-id=\"d7523ed\" data-element_type=\"column\">\n\t\t\t<div class=\"elementor-widget-wrap elementor-element-populated\">\n\t\t\t\t\t\t\t\t<div class=\"elementor-element elementor-element-5317ab6 elementor-widget elementor-widget-spacer\" data-id=\"5317ab6\" data-element_type=\"widget\" data-widget_type=\"spacer.default\">\n\t\t\t\t<div class=\"elementor-widget-container\">\n\t\t\t\t\t<div class=\"elementor-spacer\">\n\t\t\t<div class=\"elementor-spacer-inner\"><\/div>\n\t\t<\/div>\n\t\t\t\t<\/div>\n\t\t\t\t<\/div>\n\t\t\t\t\t<\/div>\n\t\t<\/div>\n\t\t\t\t\t\t\t<\/div>\n\t\t<\/section>\n\t\t\t\t<section class=\"elementor-section elementor-top-section elementor-element elementor-element-72a7f6f elementor-section-boxed elementor-section-height-default elementor-section-height-default\" data-id=\"72a7f6f\" data-element_type=\"section\">\n\t\t\t\t\t\t<div class=\"elementor-container elementor-column-gap-default\">\n\t\t\t\t\t<div class=\"elementor-column elementor-col-100 elementor-top-column elementor-element elementor-element-4c681bd\" data-id=\"4c681bd\" data-element_type=\"column\">\n\t\t\t<div class=\"elementor-widget-wrap elementor-element-populated\">\n\t\t\t\t\t\t\t\t<div class=\"elementor-element elementor-element-747f176 elementor-widget elementor-widget-heading\" data-id=\"747f176\" data-element_type=\"widget\" data-widget_type=\"heading.default\">\n\t\t\t\t<div class=\"elementor-widget-container\">\n\t\t\t<h2 class=\"elementor-heading-title elementor-size-default\">Mesoterapia<\/h2>\t\t<\/div>\n\t\t\t\t<\/div>\n\t\t\t\t\t<\/div>\n\t\t<\/div>\n\t\t\t\t\t\t\t<\/div>\n\t\t<\/section>\n\t\t\t\t<section class=\"elementor-section elementor-top-section elementor-element elementor-element-67282cb elementor-section-boxed elementor-section-height-default elementor-section-height-default\" data-id=\"67282cb\" data-element_type=\"section\">\n\t\t\t\t\t\t<div class=\"elementor-container elementor-column-gap-default\">\n\t\t\t\t\t<div class=\"elementor-column elementor-col-100 elementor-top-column elementor-element elementor-element-5362cef\" data-id=\"5362cef\" data-element_type=\"column\">\n\t\t\t<div class=\"elementor-widget-wrap elementor-element-populated\">\n\t\t\t\t\t\t\t\t<div class=\"elementor-element elementor-element-b01c16a elementor-widget elementor-widget-text-editor\" data-id=\"b01c16a\" data-element_type=\"widget\" data-widget_type=\"text-editor.default\">\n\t\t\t\t<div class=\"elementor-widget-container\">\n\t\t\t\t\t\t\t\t<p>Mesoterapia \u00e9 uma t\u00e9cnica de tratamento m\u00e9dico, caracterizada pela aplica\u00e7\u00e3o de pequenas doses de uma mescla de medicamentos, atrav\u00e9s de inje\u00e7\u00f5es intrad\u00e9rmicas no local mais pr\u00f3ximo da les\u00e3o. \u00c9 uma t\u00e9cnica criada na Fran\u00e7a pelo Dr. Michel Pistor e \u00e9 muito conhecida e praticada em toda europa.<\/p><p>\u00c9 uma alternativa de tratamento para afe\u00e7\u00f5es m\u00fasculo-esquel\u00e9ticas em pacientes agudos e cr\u00f4nicos, que apresenta excelentes resultados. Muito \u00fatil em casos de tendinopatias, bursites, epicondilites, cervicalgias, lombalgias, contraturas musculares, osteoartroses, neuropatias perif\u00e9ricas e outros. Ficou conhecida tamb\u00e9m por sua pr\u00e1tica comum na \u00e1rea da dermatologia, onde atualmente \u00e9 bem utilizada na parte de tricologia (cabelo). \u00c9 adjuvante a um processo global de reabilita\u00e7\u00e3o, promove al\u00edvio da dor e melhora as condi\u00e7\u00f5es tr\u00f3ficas, abrindo espa\u00e7o para um melhor aproveitamento nas terapias.<\/p><p>A medica\u00e7\u00e3o escolhida varia de acordo com a demanda para cada caso, mas em geral \u00e9 usado, anti-inflamatorios n\u00e3o esteroidais, relaxantes musculares, anest\u00e9sicos e venot\u00f4nicos. Al\u00e9m do efeito da medica\u00e7\u00e3o tamb\u00e9m h\u00e1 benef\u00edcios com o efeito das punturas, liberando neurotransmissores para diminui\u00e7\u00e3o da dor. E o indicado geralmente s\u00e3o de 3 a 5 sess\u00f5es, com intervalo de cerca de 5 a 7 dias entre elas.<\/p><p>Permite o uso em indiv\u00edduos com contra-indica\u00e7\u00e3o de medica\u00e7\u00f5es sist\u00eamicas antiinflamat\u00f3rias, como idosos, ou pessoas com dist\u00farbios gastro-intestinais (\u00falceras, gastrites), de hipertens\u00e3o arterial sist\u00eamica (press\u00e3o alta), nefropatias (renais cr\u00f4nicos) e os diab\u00e9ticos. Al\u00e9m de possibilitar o uso por per\u00edodos prolongados como no caso de doen\u00e7as e cr\u00f4nicas. \u00c9 muito utilizada em atletas, pois n\u00e3o h\u00e1 necessidade da interrup\u00e7\u00e3o das atividades para sua efic\u00e1cia.<\/p>\t\t\t\t\t\t<\/div>\n\t\t\t\t<\/div>\n\t\t\t\t\t<\/div>\n\t\t<\/div>\n\t\t\t\t\t\t\t<\/div>\n\t\t<\/section>\n\t\t\t\t<section class=\"elementor-section elementor-top-section elementor-element elementor-element-c0034fe elementor-section-boxed elementor-section-height-default elementor-section-height-default\" data-id=\"c0034fe\" data-element_type=\"section\">\n\t\t\t\t\t\t<div class=\"elementor-container elementor-column-gap-default\">\n\t\t\t\t\t<div class=\"elementor-column elementor-col-100 elementor-top-column elementor-element elementor-element-fe5f1cd\" data-id=\"fe5f1cd\" data-element_type=\"column\">\n\t\t\t<div class=\"elementor-widget-wrap elementor-element-populated\">\n\t\t\t\t\t\t\t\t<div class=\"elementor-element elementor-element-0796666 elementor-widget elementor-widget-spacer\" data-id=\"0796666\" data-element_type=\"widget\" data-widget_type=\"spacer.default\">\n\t\t\t\t<div class=\"elementor-widget-container\">\n\t\t\t\t\t<div class=\"elementor-spacer\">\n\t\t\t<div class=\"elementor-spacer-inner\"><\/div>\n\t\t<\/div>\n\t\t\t\t<\/div>\n\t\t\t\t<\/div>\n\t\t\t\t\t<\/div>\n\t\t<\/div>\n\t\t\t\t\t\t\t<\/div>\n\t\t<\/section>\n\t\t\t\t\t\t<\/div>\n\t\t\t\t\t<\/div>\n\t\t","protected":false},"excerpt":{"rendered":"<p>Mesoterapia Mesoterapia \u00e9 uma t\u00e9cnica de tratamento m\u00e9dico, caracterizada pela aplica\u00e7\u00e3o de pequenas doses de uma mescla de medicamentos, atrav\u00e9s de inje\u00e7\u00f5es intrad\u00e9rmicas no local mais pr\u00f3ximo da les\u00e3o. \u00c9 uma t\u00e9cnica criada na Fran\u00e7a pelo Dr. Michel Pistor e \u00e9 muito conhecida e praticada em toda europa. \u00c9 uma alternativa de tratamento para afe\u00e7\u00f5es&hellip; <a class=\"more-link\" href=\"https:\/\/margoweb.com.br\/drjoaoalmeida\/mesoterapia\/\">Continuar lendo <span class=\"screen-reader-text\">Mesoterapia<\/span><\/a><\/p>\n","protected":false},"author":1,"featured_media":0,"parent":0,"menu_order":0,"comment_status":"closed","ping_status":"closed","template":"elementor_header_footer","meta":{"footnotes":""},"class_list":["post-348","page","type-page","status-publish","hentry","entry"],"_links":{"self":[{"href":"https:\/\/margoweb.com.br\/drjoaoalmeida\/wp-json\/wp\/v2\/pages\/348","targetHints":{"allow":["GET"]}}],"collection":[{"href":"https:\/\/margoweb.com.br\/drjoaoalmeida\/wp-json\/wp\/v2\/pages"}],"about":[{"href":"https:\/\/margoweb.com.br\/drjoaoalmeida\/wp-json\/wp\/v2\/types\/page"}],"author":[{"embeddable":true,"href":"https:\/\/margoweb.com.br\/drjoaoalmeida\/wp-json\/wp\/v2\/users\/1"}],"replies":[{"embeddable":true,"href":"https:\/\/margoweb.com.br\/drjoaoalmeida\/wp-json\/wp\/v2\/comments?post=348"}],"version-history":[{"count":4,"href":"https:\/\/margoweb.com.br\/drjoaoalmeida\/wp-json\/wp\/v2\/pages\/348\/revisions"}],"predecessor-version":[{"id":353,"href":"https:\/\/margoweb.com.br\/drjoaoalmeida\/wp-json\/wp\/v2\/pages\/348\/revisions\/353"}],"wp:attachment":[{"href":"https:\/\/margoweb.com.br\/drjoaoalmeida\/wp-json\/wp\/v2\/media?parent=348"}],"curies":[{"name":"wp","href":"https:\/\/api.w.org\/{rel}","templated":true}]}}