{"id":342,"date":"2021-06-09T19:17:25","date_gmt":"2021-06-09T22:17:25","guid":{"rendered":"https:\/\/drjoaoalmeida.com\/?page_id=342"},"modified":"2021-06-09T19:18:37","modified_gmt":"2021-06-09T22:18:37","slug":"suplementacao","status":"publish","type":"page","link":"https:\/\/margoweb.com.br\/drjoaoalmeida\/suplementacao\/","title":{"rendered":"Suplementa\u00e7\u00e3o"},"content":{"rendered":"\t\t<div data-elementor-type=\"wp-page\" data-elementor-id=\"342\" class=\"elementor elementor-342\" data-elementor-settings=\"[]\">\n\t\t\t\t\t\t\t<div class=\"elementor-section-wrap\">\n\t\t\t\t\t\t\t<section class=\"elementor-section elementor-top-section elementor-element elementor-element-fcf0e1d elementor-section-boxed elementor-section-height-default elementor-section-height-default\" data-id=\"fcf0e1d\" data-element_type=\"section\">\n\t\t\t\t\t\t<div class=\"elementor-container elementor-column-gap-default\">\n\t\t\t\t\t<div class=\"elementor-column elementor-col-100 elementor-top-column elementor-element elementor-element-16790fe\" data-id=\"16790fe\" data-element_type=\"column\">\n\t\t\t<div class=\"elementor-widget-wrap elementor-element-populated\">\n\t\t\t\t\t\t\t\t<div class=\"elementor-element elementor-element-89c73bb elementor-widget elementor-widget-spacer\" data-id=\"89c73bb\" data-element_type=\"widget\" data-widget_type=\"spacer.default\">\n\t\t\t\t<div class=\"elementor-widget-container\">\n\t\t\t\t\t<div class=\"elementor-spacer\">\n\t\t\t<div class=\"elementor-spacer-inner\"><\/div>\n\t\t<\/div>\n\t\t\t\t<\/div>\n\t\t\t\t<\/div>\n\t\t\t\t\t<\/div>\n\t\t<\/div>\n\t\t\t\t\t\t\t<\/div>\n\t\t<\/section>\n\t\t\t\t<section class=\"elementor-section elementor-top-section elementor-element elementor-element-d79a8c7 elementor-section-boxed elementor-section-height-default elementor-section-height-default\" data-id=\"d79a8c7\" data-element_type=\"section\">\n\t\t\t\t\t\t<div class=\"elementor-container elementor-column-gap-default\">\n\t\t\t\t\t<div class=\"elementor-column elementor-col-100 elementor-top-column elementor-element elementor-element-8f10129\" data-id=\"8f10129\" data-element_type=\"column\">\n\t\t\t<div class=\"elementor-widget-wrap elementor-element-populated\">\n\t\t\t\t\t\t\t\t<div class=\"elementor-element elementor-element-0d1ba14 elementor-widget elementor-widget-heading\" data-id=\"0d1ba14\" data-element_type=\"widget\" data-widget_type=\"heading.default\">\n\t\t\t\t<div class=\"elementor-widget-container\">\n\t\t\t<h2 class=\"elementor-heading-title elementor-size-default\">Suplementa\u00e7\u00e3o<\/h2>\t\t<\/div>\n\t\t\t\t<\/div>\n\t\t\t\t\t<\/div>\n\t\t<\/div>\n\t\t\t\t\t\t\t<\/div>\n\t\t<\/section>\n\t\t\t\t<section class=\"elementor-section elementor-top-section elementor-element elementor-element-79fff64 elementor-section-boxed elementor-section-height-default elementor-section-height-default\" data-id=\"79fff64\" data-element_type=\"section\">\n\t\t\t\t\t\t<div class=\"elementor-container elementor-column-gap-default\">\n\t\t\t\t\t<div class=\"elementor-column elementor-col-100 elementor-top-column elementor-element elementor-element-1a28f9d\" data-id=\"1a28f9d\" data-element_type=\"column\">\n\t\t\t<div class=\"elementor-widget-wrap elementor-element-populated\">\n\t\t\t\t\t\t\t\t<div class=\"elementor-element elementor-element-e07c2f9 elementor-widget elementor-widget-text-editor\" data-id=\"e07c2f9\" data-element_type=\"widget\" data-widget_type=\"text-editor.default\">\n\t\t\t\t<div class=\"elementor-widget-container\">\n\t\t\t\t\t\t\t\t<p>Os suplementos alimentares s\u00e3o prepara\u00e7\u00f5es destinadas a complementar a dieta e fornecer nutrientes, como vitaminas, minerais, fibras, \u00e1cidos graxos ou amino\u00e1cidos, que podem estar faltando ou n\u00e3o podem ser consumidos em quantidade suficiente na dieta de uma pessoa.<\/p><p>E pode ser divida em duas variantes como no caso de \u201ccomplemento\u201d quando o alimento \u00e9 usado para complementar o que est\u00e1 faltando na alimenta\u00e7\u00e3o, e no caso usual quando o suplemento tem a fun\u00e7\u00e3o de fornecer uma quantidade adicional, al\u00e9m das necessidades nutricionais, ou mesmo nutrientes n\u00e3o essenciais para efeitos ergog\u00eanicos, de melhora de performance e recupera\u00e7\u00e3o.<br \/>A suplementa\u00e7\u00e3o \u00e9 indicada quando a ingest\u00e3o de alimentos n\u00e3o consegue alcan\u00e7ar as necessidades individuais e depende da freq\u00fc\u00eancia dos treinos e da atividade em quest\u00e3o. Em algumas situa\u00e7\u00f5es, o suplemento pode ser associado a uma refei\u00e7\u00e3o para garantir o aumento de um nutriente espec\u00edfico ou para tornar a dieta mais vi\u00e1vel dentro da rotina di\u00e1ria de cada atleta.<\/p><p>De forma geral, a necessidade de nutrientes dos atletas difere em quantidade quando comparada aos indiv\u00edduos sedent\u00e1rios. Muitas pessoas utilizam suplementos para substituir refei\u00e7\u00f5es, conduta que n\u00e3o est\u00e1 adequada. Sendo a alimenta\u00e7\u00e3o a melhor fonte de nutrientes devendo sempre ser valorizada e otimizada e inclusive com a proposta de diminuir a ingesta de alimentos e suplementos industrializados.<\/p><p>A partir de uma anamnese minuciosa \u00e9 poss\u00edvel determinar eventuais restri\u00e7\u00f5es e necessidades nutricionais, para as indica\u00e7\u00f5es adequadas de cada suplemento, visto que o suplemento assim como medica\u00e7\u00e3o, possui seus riscos, e portanto deve ser usado sob orienta\u00e7\u00e3o de profissional especializado para que n\u00e3o ocorra eventuais efeitos indesej\u00e1veis.<\/p>\t\t\t\t\t\t<\/div>\n\t\t\t\t<\/div>\n\t\t\t\t\t<\/div>\n\t\t<\/div>\n\t\t\t\t\t\t\t<\/div>\n\t\t<\/section>\n\t\t\t\t<section class=\"elementor-section elementor-top-section elementor-element elementor-element-5d1d9e7 elementor-section-boxed elementor-section-height-default elementor-section-height-default\" data-id=\"5d1d9e7\" data-element_type=\"section\">\n\t\t\t\t\t\t<div class=\"elementor-container elementor-column-gap-default\">\n\t\t\t\t\t<div class=\"elementor-column elementor-col-100 elementor-top-column elementor-element elementor-element-b9a77bf\" data-id=\"b9a77bf\" data-element_type=\"column\">\n\t\t\t<div class=\"elementor-widget-wrap elementor-element-populated\">\n\t\t\t\t\t\t\t\t<div class=\"elementor-element elementor-element-3f5d1bb elementor-widget elementor-widget-spacer\" data-id=\"3f5d1bb\" data-element_type=\"widget\" data-widget_type=\"spacer.default\">\n\t\t\t\t<div class=\"elementor-widget-container\">\n\t\t\t\t\t<div class=\"elementor-spacer\">\n\t\t\t<div class=\"elementor-spacer-inner\"><\/div>\n\t\t<\/div>\n\t\t\t\t<\/div>\n\t\t\t\t<\/div>\n\t\t\t\t\t<\/div>\n\t\t<\/div>\n\t\t\t\t\t\t\t<\/div>\n\t\t<\/section>\n\t\t\t\t\t\t<\/div>\n\t\t\t\t\t<\/div>\n\t\t","protected":false},"excerpt":{"rendered":"<p>Suplementa\u00e7\u00e3o Os suplementos alimentares s\u00e3o prepara\u00e7\u00f5es destinadas a complementar a dieta e fornecer nutrientes, como vitaminas, minerais, fibras, \u00e1cidos graxos ou amino\u00e1cidos, que podem estar faltando ou n\u00e3o podem ser consumidos em quantidade suficiente na dieta de uma pessoa. E pode ser divida em duas variantes como no caso de \u201ccomplemento\u201d quando o alimento \u00e9&hellip; <a class=\"more-link\" href=\"https:\/\/margoweb.com.br\/drjoaoalmeida\/suplementacao\/\">Continuar lendo <span class=\"screen-reader-text\">Suplementa\u00e7\u00e3o<\/span><\/a><\/p>\n","protected":false},"author":1,"featured_media":0,"parent":0,"menu_order":0,"comment_status":"closed","ping_status":"closed","template":"elementor_header_footer","meta":{"footnotes":""},"class_list":["post-342","page","type-page","status-publish","hentry","entry"],"_links":{"self":[{"href":"https:\/\/margoweb.com.br\/drjoaoalmeida\/wp-json\/wp\/v2\/pages\/342","targetHints":{"allow":["GET"]}}],"collection":[{"href":"https:\/\/margoweb.com.br\/drjoaoalmeida\/wp-json\/wp\/v2\/pages"}],"about":[{"href":"https:\/\/margoweb.com.br\/drjoaoalmeida\/wp-json\/wp\/v2\/types\/page"}],"author":[{"embeddable":true,"href":"https:\/\/margoweb.com.br\/drjoaoalmeida\/wp-json\/wp\/v2\/users\/1"}],"replies":[{"embeddable":true,"href":"https:\/\/margoweb.com.br\/drjoaoalmeida\/wp-json\/wp\/v2\/comments?post=342"}],"version-history":[{"count":4,"href":"https:\/\/margoweb.com.br\/drjoaoalmeida\/wp-json\/wp\/v2\/pages\/342\/revisions"}],"predecessor-version":[{"id":347,"href":"https:\/\/margoweb.com.br\/drjoaoalmeida\/wp-json\/wp\/v2\/pages\/342\/revisions\/347"}],"wp:attachment":[{"href":"https:\/\/margoweb.com.br\/drjoaoalmeida\/wp-json\/wp\/v2\/media?parent=342"}],"curies":[{"name":"wp","href":"https:\/\/api.w.org\/{rel}","templated":true}]}}