{"id":336,"date":"2021-06-09T19:15:45","date_gmt":"2021-06-09T22:15:45","guid":{"rendered":"https:\/\/drjoaoalmeida.com\/?page_id=336"},"modified":"2021-06-09T19:17:00","modified_gmt":"2021-06-09T22:17:00","slug":"sports-check-up","status":"publish","type":"page","link":"https:\/\/margoweb.com.br\/drjoaoalmeida\/sports-check-up\/","title":{"rendered":"Sports Check up"},"content":{"rendered":"\t\t<div data-elementor-type=\"wp-page\" data-elementor-id=\"336\" class=\"elementor elementor-336\" data-elementor-settings=\"[]\">\n\t\t\t\t\t\t\t<div class=\"elementor-section-wrap\">\n\t\t\t\t\t\t\t<section class=\"elementor-section elementor-top-section elementor-element elementor-element-90f9224 elementor-section-boxed elementor-section-height-default elementor-section-height-default\" data-id=\"90f9224\" data-element_type=\"section\">\n\t\t\t\t\t\t<div class=\"elementor-container elementor-column-gap-default\">\n\t\t\t\t\t<div class=\"elementor-column elementor-col-100 elementor-top-column elementor-element elementor-element-fda1ba4\" data-id=\"fda1ba4\" data-element_type=\"column\">\n\t\t\t<div class=\"elementor-widget-wrap elementor-element-populated\">\n\t\t\t\t\t\t\t\t<div class=\"elementor-element elementor-element-a0e8730 elementor-widget elementor-widget-spacer\" data-id=\"a0e8730\" data-element_type=\"widget\" data-widget_type=\"spacer.default\">\n\t\t\t\t<div class=\"elementor-widget-container\">\n\t\t\t\t\t<div class=\"elementor-spacer\">\n\t\t\t<div class=\"elementor-spacer-inner\"><\/div>\n\t\t<\/div>\n\t\t\t\t<\/div>\n\t\t\t\t<\/div>\n\t\t\t\t\t<\/div>\n\t\t<\/div>\n\t\t\t\t\t\t\t<\/div>\n\t\t<\/section>\n\t\t\t\t<section class=\"elementor-section elementor-top-section elementor-element elementor-element-894779c elementor-section-boxed elementor-section-height-default elementor-section-height-default\" data-id=\"894779c\" data-element_type=\"section\">\n\t\t\t\t\t\t<div class=\"elementor-container elementor-column-gap-default\">\n\t\t\t\t\t<div class=\"elementor-column elementor-col-100 elementor-top-column elementor-element elementor-element-290bf8b\" data-id=\"290bf8b\" data-element_type=\"column\">\n\t\t\t<div class=\"elementor-widget-wrap elementor-element-populated\">\n\t\t\t\t\t\t\t\t<div class=\"elementor-element elementor-element-344966a elementor-widget elementor-widget-heading\" data-id=\"344966a\" data-element_type=\"widget\" data-widget_type=\"heading.default\">\n\t\t\t\t<div class=\"elementor-widget-container\">\n\t\t\t<h2 class=\"elementor-heading-title elementor-size-default\">Sports Check up<\/h2>\t\t<\/div>\n\t\t\t\t<\/div>\n\t\t\t\t\t<\/div>\n\t\t<\/div>\n\t\t\t\t\t\t\t<\/div>\n\t\t<\/section>\n\t\t\t\t<section class=\"elementor-section elementor-top-section elementor-element elementor-element-676e6f8 elementor-section-boxed elementor-section-height-default elementor-section-height-default\" data-id=\"676e6f8\" data-element_type=\"section\">\n\t\t\t\t\t\t<div class=\"elementor-container elementor-column-gap-default\">\n\t\t\t\t\t<div class=\"elementor-column elementor-col-100 elementor-top-column elementor-element elementor-element-b2f085f\" data-id=\"b2f085f\" data-element_type=\"column\">\n\t\t\t<div class=\"elementor-widget-wrap elementor-element-populated\">\n\t\t\t\t\t\t\t\t<div class=\"elementor-element elementor-element-9151cec elementor-widget elementor-widget-text-editor\" data-id=\"9151cec\" data-element_type=\"widget\" data-widget_type=\"text-editor.default\">\n\t\t\t\t<div class=\"elementor-widget-container\">\n\t\t\t\t\t\t\t\t<p>A atua\u00e7\u00e3o do m\u00e9dico do esporte \u00e9 muito ampla e abrange desde o trauma esportivo (tratamento conservador) at\u00e9 a avalia\u00e7\u00e3o m\u00e9dica \u201ccl\u00ednica\u201d com enfoque na fisiologia do exerc\u00edcio, avalia\u00e7\u00e3o pr\u00e9-participa\u00e7\u00e3o esportiva e combate aos principais fatores de risco (hipertens\u00e3o arterial, dislipidemia, sobrepeso\/obesidade, sedentarismo, entre outros). Para a execu\u00e7\u00e3o dessas abordagens o m\u00e9dico do esporte pode se valer de exames e protocolos para prevenir, diagnosticar e tratar tais comorbidades como o chamado Sport\u2019s Check Up.<\/p><p>Para a avalia\u00e7\u00e3o de sport\u2019s check up \u00e9 imprescind\u00edvel um bom exame cl\u00ednico, que consiste em uma anamnese onde identifica-se informa\u00e7\u00f5es importantes e um hist\u00f3rico geral do paciente buscando fatores relevantes como antecedentes familiares de cardiopatas e patologias habituais da fam\u00edlia, um exame f\u00edsico ortop\u00e9dico para identificar afec\u00e7\u00f5es do aparelho locomotor, exames laboratoriais que devem fornecer perfil bioqu\u00edmico geral, hemograma, perfil lip\u00eddico, glicemia, dosagem hormonal, fun\u00e7\u00e3o renal, enzimas hep\u00e1ticas e algumas patologias infecciosas freq\u00fcentes. Al\u00e9m de outros exames como ECG, teste de esfor\u00e7o, e os demais que forem necess\u00e1rios de\u00a0acordo com a necessidade de cada caso.<\/p><p>Passando por esta avalia\u00e7\u00e3o geral, \u00e9 necess\u00e1rio pensar adiante em pontos como a fisiologia, que \u00e9 apenas um dos fatores envolvidos no resultado de um bom desempenho, somando-se a um n\u00edvel de treinamento, motiva\u00e7\u00e3o, aspectos nutricionais, biomec\u00e2nicos e habilidades motoras.<\/p>\t\t\t\t\t\t<\/div>\n\t\t\t\t<\/div>\n\t\t\t\t\t<\/div>\n\t\t<\/div>\n\t\t\t\t\t\t\t<\/div>\n\t\t<\/section>\n\t\t\t\t<section class=\"elementor-section elementor-top-section elementor-element elementor-element-c9343e3 elementor-section-boxed elementor-section-height-default elementor-section-height-default\" data-id=\"c9343e3\" data-element_type=\"section\">\n\t\t\t\t\t\t<div class=\"elementor-container elementor-column-gap-default\">\n\t\t\t\t\t<div class=\"elementor-column elementor-col-100 elementor-top-column elementor-element elementor-element-3b730e8\" data-id=\"3b730e8\" data-element_type=\"column\">\n\t\t\t<div class=\"elementor-widget-wrap elementor-element-populated\">\n\t\t\t\t\t\t\t\t<div class=\"elementor-element elementor-element-66d03b2 elementor-widget elementor-widget-spacer\" data-id=\"66d03b2\" data-element_type=\"widget\" data-widget_type=\"spacer.default\">\n\t\t\t\t<div class=\"elementor-widget-container\">\n\t\t\t\t\t<div class=\"elementor-spacer\">\n\t\t\t<div class=\"elementor-spacer-inner\"><\/div>\n\t\t<\/div>\n\t\t\t\t<\/div>\n\t\t\t\t<\/div>\n\t\t\t\t\t<\/div>\n\t\t<\/div>\n\t\t\t\t\t\t\t<\/div>\n\t\t<\/section>\n\t\t\t\t\t\t<\/div>\n\t\t\t\t\t<\/div>\n\t\t","protected":false},"excerpt":{"rendered":"<p>Sports Check up A atua\u00e7\u00e3o do m\u00e9dico do esporte \u00e9 muito ampla e abrange desde o trauma esportivo (tratamento conservador) at\u00e9 a avalia\u00e7\u00e3o m\u00e9dica \u201ccl\u00ednica\u201d com enfoque na fisiologia do exerc\u00edcio, avalia\u00e7\u00e3o pr\u00e9-participa\u00e7\u00e3o esportiva e combate aos principais fatores de risco (hipertens\u00e3o arterial, dislipidemia, sobrepeso\/obesidade, sedentarismo, entre outros). Para a execu\u00e7\u00e3o dessas abordagens o m\u00e9dico&hellip; <a class=\"more-link\" href=\"https:\/\/margoweb.com.br\/drjoaoalmeida\/sports-check-up\/\">Continuar lendo <span class=\"screen-reader-text\">Sports Check up<\/span><\/a><\/p>\n","protected":false},"author":1,"featured_media":0,"parent":0,"menu_order":0,"comment_status":"closed","ping_status":"closed","template":"elementor_header_footer","meta":{"footnotes":""},"class_list":["post-336","page","type-page","status-publish","hentry","entry"],"_links":{"self":[{"href":"https:\/\/margoweb.com.br\/drjoaoalmeida\/wp-json\/wp\/v2\/pages\/336","targetHints":{"allow":["GET"]}}],"collection":[{"href":"https:\/\/margoweb.com.br\/drjoaoalmeida\/wp-json\/wp\/v2\/pages"}],"about":[{"href":"https:\/\/margoweb.com.br\/drjoaoalmeida\/wp-json\/wp\/v2\/types\/page"}],"author":[{"embeddable":true,"href":"https:\/\/margoweb.com.br\/drjoaoalmeida\/wp-json\/wp\/v2\/users\/1"}],"replies":[{"embeddable":true,"href":"https:\/\/margoweb.com.br\/drjoaoalmeida\/wp-json\/wp\/v2\/comments?post=336"}],"version-history":[{"count":4,"href":"https:\/\/margoweb.com.br\/drjoaoalmeida\/wp-json\/wp\/v2\/pages\/336\/revisions"}],"predecessor-version":[{"id":341,"href":"https:\/\/margoweb.com.br\/drjoaoalmeida\/wp-json\/wp\/v2\/pages\/336\/revisions\/341"}],"wp:attachment":[{"href":"https:\/\/margoweb.com.br\/drjoaoalmeida\/wp-json\/wp\/v2\/media?parent=336"}],"curies":[{"name":"wp","href":"https:\/\/api.w.org\/{rel}","templated":true}]}}