{"id":330,"date":"2021-06-09T19:14:10","date_gmt":"2021-06-09T22:14:10","guid":{"rendered":"https:\/\/drjoaoalmeida.com\/?page_id=330"},"modified":"2021-06-09T19:15:32","modified_gmt":"2021-06-09T22:15:32","slug":"nutrologia","status":"publish","type":"page","link":"https:\/\/margoweb.com.br\/drjoaoalmeida\/nutrologia\/","title":{"rendered":"Nutrologia"},"content":{"rendered":"\t\t<div data-elementor-type=\"wp-page\" data-elementor-id=\"330\" class=\"elementor elementor-330\" data-elementor-settings=\"[]\">\n\t\t\t\t\t\t\t<div class=\"elementor-section-wrap\">\n\t\t\t\t\t\t\t<section class=\"elementor-section elementor-top-section elementor-element elementor-element-a1f3c29 elementor-section-boxed elementor-section-height-default elementor-section-height-default\" data-id=\"a1f3c29\" data-element_type=\"section\">\n\t\t\t\t\t\t<div class=\"elementor-container elementor-column-gap-default\">\n\t\t\t\t\t<div class=\"elementor-column elementor-col-100 elementor-top-column elementor-element elementor-element-3481f20\" data-id=\"3481f20\" data-element_type=\"column\">\n\t\t\t<div class=\"elementor-widget-wrap elementor-element-populated\">\n\t\t\t\t\t\t\t\t<div class=\"elementor-element elementor-element-9dc68ca elementor-widget elementor-widget-spacer\" data-id=\"9dc68ca\" data-element_type=\"widget\" data-widget_type=\"spacer.default\">\n\t\t\t\t<div class=\"elementor-widget-container\">\n\t\t\t\t\t<div class=\"elementor-spacer\">\n\t\t\t<div class=\"elementor-spacer-inner\"><\/div>\n\t\t<\/div>\n\t\t\t\t<\/div>\n\t\t\t\t<\/div>\n\t\t\t\t\t<\/div>\n\t\t<\/div>\n\t\t\t\t\t\t\t<\/div>\n\t\t<\/section>\n\t\t\t\t<section class=\"elementor-section elementor-top-section elementor-element elementor-element-60dd37e elementor-section-boxed elementor-section-height-default elementor-section-height-default\" data-id=\"60dd37e\" data-element_type=\"section\">\n\t\t\t\t\t\t<div class=\"elementor-container elementor-column-gap-default\">\n\t\t\t\t\t<div class=\"elementor-column elementor-col-100 elementor-top-column elementor-element elementor-element-fa50fd5\" data-id=\"fa50fd5\" data-element_type=\"column\">\n\t\t\t<div class=\"elementor-widget-wrap elementor-element-populated\">\n\t\t\t\t\t\t\t\t<div class=\"elementor-element elementor-element-d14f445 elementor-widget elementor-widget-heading\" data-id=\"d14f445\" data-element_type=\"widget\" data-widget_type=\"heading.default\">\n\t\t\t\t<div class=\"elementor-widget-container\">\n\t\t\t<h2 class=\"elementor-heading-title elementor-size-default\">Nutrologia<\/h2>\t\t<\/div>\n\t\t\t\t<\/div>\n\t\t\t\t\t<\/div>\n\t\t<\/div>\n\t\t\t\t\t\t\t<\/div>\n\t\t<\/section>\n\t\t\t\t<section class=\"elementor-section elementor-top-section elementor-element elementor-element-e8bc34e elementor-section-boxed elementor-section-height-default elementor-section-height-default\" data-id=\"e8bc34e\" data-element_type=\"section\">\n\t\t\t\t\t\t<div class=\"elementor-container elementor-column-gap-default\">\n\t\t\t\t\t<div class=\"elementor-column elementor-col-100 elementor-top-column elementor-element elementor-element-755b9ac\" data-id=\"755b9ac\" data-element_type=\"column\">\n\t\t\t<div class=\"elementor-widget-wrap elementor-element-populated\">\n\t\t\t\t\t\t\t\t<div class=\"elementor-element elementor-element-c9e260f elementor-widget elementor-widget-text-editor\" data-id=\"c9e260f\" data-element_type=\"widget\" data-widget_type=\"text-editor.default\">\n\t\t\t\t<div class=\"elementor-widget-container\">\n\t\t\t\t\t\t\t\t<p>A Nutrologia \u00e9 a especialidade m\u00e9dica cl\u00ednica que se dedica ao diagn\u00f3stico, preven\u00e7\u00e3o e tratamento de doen\u00e7as do comportamento alimentar.<\/p><p>A abrang\u00eancia de atua\u00e7\u00e3o dos nutr\u00f3logos envolve uma s\u00e9rie de doen\u00e7as como a s\u00edndrome metab\u00f3lica, a obesidade, desnutri\u00e7\u00e3o, sarcopenia, osteoporose, dislipidemia, transtornos alimentares (bulimia, anorexia), dist\u00farbios gastrintestinais, anemias, alergias alimentares, e car\u00eancia ou excesso de macro e\/ou micronutrientes, como deficit vitam\u00ednico, e outros.<\/p><p>Nutr\u00f3logos procuram dar orienta\u00e7\u00f5es sobre a alimenta\u00e7\u00e3o mais equilibrada para corre\u00e7\u00e3o do peso e manuten\u00e7\u00e3o da sa\u00fade, recupera\u00e7\u00e3o de estados deficit\u00e1rios, acompanhamento de pessoas com necessidades especiais (atletas, idosos, crian\u00e7as etc.) estudando a a\u00e7\u00e3o biol\u00f3gica dos nutrientes dos alimentos.<\/p><p>Diferente do nutricionista (os quais n\u00e3o devem ser confundidos), o m\u00e9dico nutr\u00f3logo n\u00e3o prescreve dieta e se restringe ao diagn\u00f3stico e tratamento de doen\u00e7as nutricionais e na preven\u00e7\u00e3o e h\u00e1bitos de vida saud\u00e1vel.<\/p><p>O nutr\u00f3logo estuda a nutrigen\u00e9tica que \u00e9 a ci\u00eancia que relaciona a nutri\u00e7\u00e3o com a gen\u00e9tica e com o funcionamento metab\u00f3lico, e a nutrig\u00eanomica que estuda como alimentos e nutrientes ingeridos influenciam o genoma, conhecendo a influ\u00eancia da dieta na estrutura e express\u00e3o dos genes ao longo do tempo.<\/p><p>O nutr\u00f3logo tamb\u00e9m deve identificar poss\u00edveis \u201cerros\u201d alimentares, h\u00e1bitos de vida ou estados org\u00e2nicos que estejam contribuindo para o quadro nutricional do paciente. E deve orientar quais s\u00e3o as subst\u00e2ncias ben\u00e9ficas e mal\u00e9ficas presentes nos alimentos, de modo que ele mesmo saiba fazer as suas escolhas alimentares para viver mais e melhor. Orientar que a ingest\u00e3o do nutriente n\u00e3o assegura o seu aproveitamento pelo organismo, e que a informa\u00e7\u00e3o nutricional se torna fundamental para a diminui\u00e7\u00e3o de riscos de doen\u00e7as e promo\u00e7\u00e3o da sa\u00fade e bem-estar.<\/p>\t\t\t\t\t\t<\/div>\n\t\t\t\t<\/div>\n\t\t\t\t\t<\/div>\n\t\t<\/div>\n\t\t\t\t\t\t\t<\/div>\n\t\t<\/section>\n\t\t\t\t<section class=\"elementor-section elementor-top-section elementor-element elementor-element-6eba0be elementor-section-boxed elementor-section-height-default elementor-section-height-default\" data-id=\"6eba0be\" data-element_type=\"section\">\n\t\t\t\t\t\t<div class=\"elementor-container elementor-column-gap-default\">\n\t\t\t\t\t<div class=\"elementor-column elementor-col-100 elementor-top-column elementor-element elementor-element-1e45dc0\" data-id=\"1e45dc0\" data-element_type=\"column\">\n\t\t\t<div class=\"elementor-widget-wrap elementor-element-populated\">\n\t\t\t\t\t\t\t\t<div class=\"elementor-element elementor-element-3d4a1a9 elementor-widget elementor-widget-spacer\" data-id=\"3d4a1a9\" data-element_type=\"widget\" data-widget_type=\"spacer.default\">\n\t\t\t\t<div class=\"elementor-widget-container\">\n\t\t\t\t\t<div class=\"elementor-spacer\">\n\t\t\t<div class=\"elementor-spacer-inner\"><\/div>\n\t\t<\/div>\n\t\t\t\t<\/div>\n\t\t\t\t<\/div>\n\t\t\t\t\t<\/div>\n\t\t<\/div>\n\t\t\t\t\t\t\t<\/div>\n\t\t<\/section>\n\t\t\t\t\t\t<\/div>\n\t\t\t\t\t<\/div>\n\t\t","protected":false},"excerpt":{"rendered":"<p>Nutrologia A Nutrologia \u00e9 a especialidade m\u00e9dica cl\u00ednica que se dedica ao diagn\u00f3stico, preven\u00e7\u00e3o e tratamento de doen\u00e7as do comportamento alimentar. A abrang\u00eancia de atua\u00e7\u00e3o dos nutr\u00f3logos envolve uma s\u00e9rie de doen\u00e7as como a s\u00edndrome metab\u00f3lica, a obesidade, desnutri\u00e7\u00e3o, sarcopenia, osteoporose, dislipidemia, transtornos alimentares (bulimia, anorexia), dist\u00farbios gastrintestinais, anemias, alergias alimentares, e car\u00eancia ou excesso&hellip; <a class=\"more-link\" href=\"https:\/\/margoweb.com.br\/drjoaoalmeida\/nutrologia\/\">Continuar lendo <span class=\"screen-reader-text\">Nutrologia<\/span><\/a><\/p>\n","protected":false},"author":1,"featured_media":0,"parent":0,"menu_order":0,"comment_status":"closed","ping_status":"closed","template":"elementor_header_footer","meta":{"footnotes":""},"class_list":["post-330","page","type-page","status-publish","hentry","entry"],"_links":{"self":[{"href":"https:\/\/margoweb.com.br\/drjoaoalmeida\/wp-json\/wp\/v2\/pages\/330","targetHints":{"allow":["GET"]}}],"collection":[{"href":"https:\/\/margoweb.com.br\/drjoaoalmeida\/wp-json\/wp\/v2\/pages"}],"about":[{"href":"https:\/\/margoweb.com.br\/drjoaoalmeida\/wp-json\/wp\/v2\/types\/page"}],"author":[{"embeddable":true,"href":"https:\/\/margoweb.com.br\/drjoaoalmeida\/wp-json\/wp\/v2\/users\/1"}],"replies":[{"embeddable":true,"href":"https:\/\/margoweb.com.br\/drjoaoalmeida\/wp-json\/wp\/v2\/comments?post=330"}],"version-history":[{"count":4,"href":"https:\/\/margoweb.com.br\/drjoaoalmeida\/wp-json\/wp\/v2\/pages\/330\/revisions"}],"predecessor-version":[{"id":335,"href":"https:\/\/margoweb.com.br\/drjoaoalmeida\/wp-json\/wp\/v2\/pages\/330\/revisions\/335"}],"wp:attachment":[{"href":"https:\/\/margoweb.com.br\/drjoaoalmeida\/wp-json\/wp\/v2\/media?parent=330"}],"curies":[{"name":"wp","href":"https:\/\/api.w.org\/{rel}","templated":true}]}}