{"id":324,"date":"2021-06-09T19:12:49","date_gmt":"2021-06-09T22:12:49","guid":{"rendered":"https:\/\/drjoaoalmeida.com\/?page_id=324"},"modified":"2021-06-09T19:13:58","modified_gmt":"2021-06-09T22:13:58","slug":"medicina-esportiva","status":"publish","type":"page","link":"https:\/\/margoweb.com.br\/drjoaoalmeida\/medicina-esportiva\/","title":{"rendered":"Medicina Esportiva"},"content":{"rendered":"\t\t<div data-elementor-type=\"wp-page\" data-elementor-id=\"324\" class=\"elementor elementor-324\" data-elementor-settings=\"[]\">\n\t\t\t\t\t\t\t<div class=\"elementor-section-wrap\">\n\t\t\t\t\t\t\t<section class=\"elementor-section elementor-top-section elementor-element elementor-element-c8764f3 elementor-section-boxed elementor-section-height-default elementor-section-height-default\" data-id=\"c8764f3\" data-element_type=\"section\">\n\t\t\t\t\t\t<div class=\"elementor-container elementor-column-gap-default\">\n\t\t\t\t\t<div class=\"elementor-column elementor-col-100 elementor-top-column elementor-element elementor-element-a6907fb\" data-id=\"a6907fb\" data-element_type=\"column\">\n\t\t\t<div class=\"elementor-widget-wrap elementor-element-populated\">\n\t\t\t\t\t\t\t\t<div class=\"elementor-element elementor-element-a551f39 elementor-widget elementor-widget-spacer\" data-id=\"a551f39\" data-element_type=\"widget\" data-widget_type=\"spacer.default\">\n\t\t\t\t<div class=\"elementor-widget-container\">\n\t\t\t\t\t<div class=\"elementor-spacer\">\n\t\t\t<div class=\"elementor-spacer-inner\"><\/div>\n\t\t<\/div>\n\t\t\t\t<\/div>\n\t\t\t\t<\/div>\n\t\t\t\t\t<\/div>\n\t\t<\/div>\n\t\t\t\t\t\t\t<\/div>\n\t\t<\/section>\n\t\t\t\t<section class=\"elementor-section elementor-top-section elementor-element elementor-element-106234f elementor-section-boxed elementor-section-height-default elementor-section-height-default\" data-id=\"106234f\" data-element_type=\"section\">\n\t\t\t\t\t\t<div class=\"elementor-container elementor-column-gap-default\">\n\t\t\t\t\t<div class=\"elementor-column elementor-col-100 elementor-top-column elementor-element elementor-element-de5fa4d\" data-id=\"de5fa4d\" data-element_type=\"column\">\n\t\t\t<div class=\"elementor-widget-wrap elementor-element-populated\">\n\t\t\t\t\t\t\t\t<div class=\"elementor-element elementor-element-183897f elementor-widget elementor-widget-heading\" data-id=\"183897f\" data-element_type=\"widget\" data-widget_type=\"heading.default\">\n\t\t\t\t<div class=\"elementor-widget-container\">\n\t\t\t<h2 class=\"elementor-heading-title elementor-size-default\">Medicina Esportiva<\/h2>\t\t<\/div>\n\t\t\t\t<\/div>\n\t\t\t\t\t<\/div>\n\t\t<\/div>\n\t\t\t\t\t\t\t<\/div>\n\t\t<\/section>\n\t\t\t\t<section class=\"elementor-section elementor-top-section elementor-element elementor-element-463dc51 elementor-section-boxed elementor-section-height-default elementor-section-height-default\" data-id=\"463dc51\" data-element_type=\"section\">\n\t\t\t\t\t\t<div class=\"elementor-container elementor-column-gap-default\">\n\t\t\t\t\t<div class=\"elementor-column elementor-col-100 elementor-top-column elementor-element elementor-element-7809ebc\" data-id=\"7809ebc\" data-element_type=\"column\">\n\t\t\t<div class=\"elementor-widget-wrap elementor-element-populated\">\n\t\t\t\t\t\t\t\t<div class=\"elementor-element elementor-element-9243759 elementor-widget elementor-widget-text-editor\" data-id=\"9243759\" data-element_type=\"widget\" data-widget_type=\"text-editor.default\">\n\t\t\t\t<div class=\"elementor-widget-container\">\n\t\t\t\t\t\t\t\t<p>A Medicina do Exerc\u00edcio e do Esporte \u00e9 uma especialidade m\u00e9dica que abrange pessoas de todas as idades, de todos os n\u00edveis de treinamento, com les\u00f5es ou sadias, com a inten\u00e7\u00e3o de prevenir, tratar, reabilitar, melhorar o desempenho e a qualidade de vida das pessoas. Portanto, est\u00e1 direcionada n\u00e3o s\u00f3 a atletas de alto n\u00edvel mas, tamb\u00e9m, pessoas sedent\u00e1rias que procuram utilizar a atividade f\u00edsica como meio de melhorar sua sa\u00fade.<\/p><p>A Medicina esportiva juntamente com a fisiologia do exerc\u00edcio atuam na triagem metab\u00f3lica, aptid\u00e3o cardio-respirat\u00f3ria e avalia\u00e7\u00e3o do aparelho m\u00fasculo-esquel\u00e9tico tanto de maneira pr\u00e9-participativa (antes de se iniciar o esporte), quanto ap\u00f3s o inicio, determinando os ganhos fisiol\u00f3gicos e potencializando o rendimento no esporte.<\/p><p>O papel do m\u00e9dico de esporte se inicia com a avalia\u00e7\u00e3o cl\u00ednica do paciente, que lhe fornece uma vis\u00e3o global da sa\u00fade do atleta ou praticante de atividade f\u00edsica, atrav\u00e9s de criteriosa anamnese e exame f\u00edsico, e tamb\u00e9m exames complementares como o teste ergom\u00e9trico e exames laboratoriais. Segue-se com a avalia\u00e7\u00e3o funcional, composta pelo conjunto de testes, exames e protocolos sobre a situa\u00e7\u00e3o fisiol\u00f3gica do paciente com o objetivo de conhecer as vari\u00e1veis que influenciam seu rendimento. As vari\u00e1veis representam as \u00e1reas da cineantropometria (perimetria, composi\u00e7\u00e3o corporal, somatotipo), metab\u00f3lico-energ\u00e9tica (capacidade aer\u00f3bica, pot\u00eancia, resist\u00eancia anaer\u00f3bica, limiares ventilat\u00f3rios) e neuromuscular (for\u00e7a e pot\u00eancia muscular, flexibilidade, velocidade).<\/p><p>Al\u00e9m disso, o m\u00e9dico do esporte \u00e9 respons\u00e1vel pela implementa\u00e7\u00e3o de a\u00e7\u00f5es para a diminui\u00e7\u00e3o do risco de les\u00f5es atrav\u00e9s do diagn\u00f3stico. Nesta fase, a integra\u00e7\u00e3o com outras \u00e1reas se torna de fundamental import\u00e2ncia para a troca de informa\u00e7\u00f5es com uma equipe multidisciplinar (educador f\u00edsico, nutri\u00e7\u00e3o, fisioterapia, psicologia).<\/p>\t\t\t\t\t\t<\/div>\n\t\t\t\t<\/div>\n\t\t\t\t\t<\/div>\n\t\t<\/div>\n\t\t\t\t\t\t\t<\/div>\n\t\t<\/section>\n\t\t\t\t<section class=\"elementor-section elementor-top-section elementor-element elementor-element-ebe5cda elementor-section-boxed elementor-section-height-default elementor-section-height-default\" data-id=\"ebe5cda\" data-element_type=\"section\">\n\t\t\t\t\t\t<div class=\"elementor-container elementor-column-gap-default\">\n\t\t\t\t\t<div class=\"elementor-column elementor-col-100 elementor-top-column elementor-element elementor-element-42ec45a\" data-id=\"42ec45a\" data-element_type=\"column\">\n\t\t\t<div class=\"elementor-widget-wrap elementor-element-populated\">\n\t\t\t\t\t\t\t\t<div class=\"elementor-element elementor-element-3e66e52 elementor-widget elementor-widget-spacer\" data-id=\"3e66e52\" data-element_type=\"widget\" data-widget_type=\"spacer.default\">\n\t\t\t\t<div class=\"elementor-widget-container\">\n\t\t\t\t\t<div class=\"elementor-spacer\">\n\t\t\t<div class=\"elementor-spacer-inner\"><\/div>\n\t\t<\/div>\n\t\t\t\t<\/div>\n\t\t\t\t<\/div>\n\t\t\t\t\t<\/div>\n\t\t<\/div>\n\t\t\t\t\t\t\t<\/div>\n\t\t<\/section>\n\t\t\t\t\t\t<\/div>\n\t\t\t\t\t<\/div>\n\t\t","protected":false},"excerpt":{"rendered":"<p>Medicina Esportiva A Medicina do Exerc\u00edcio e do Esporte \u00e9 uma especialidade m\u00e9dica que abrange pessoas de todas as idades, de todos os n\u00edveis de treinamento, com les\u00f5es ou sadias, com a inten\u00e7\u00e3o de prevenir, tratar, reabilitar, melhorar o desempenho e a qualidade de vida das pessoas. Portanto, est\u00e1 direcionada n\u00e3o s\u00f3 a atletas de&hellip; <a class=\"more-link\" href=\"https:\/\/margoweb.com.br\/drjoaoalmeida\/medicina-esportiva\/\">Continuar lendo <span class=\"screen-reader-text\">Medicina Esportiva<\/span><\/a><\/p>\n","protected":false},"author":1,"featured_media":0,"parent":0,"menu_order":0,"comment_status":"closed","ping_status":"closed","template":"elementor_header_footer","meta":{"footnotes":""},"class_list":["post-324","page","type-page","status-publish","hentry","entry"],"_links":{"self":[{"href":"https:\/\/margoweb.com.br\/drjoaoalmeida\/wp-json\/wp\/v2\/pages\/324","targetHints":{"allow":["GET"]}}],"collection":[{"href":"https:\/\/margoweb.com.br\/drjoaoalmeida\/wp-json\/wp\/v2\/pages"}],"about":[{"href":"https:\/\/margoweb.com.br\/drjoaoalmeida\/wp-json\/wp\/v2\/types\/page"}],"author":[{"embeddable":true,"href":"https:\/\/margoweb.com.br\/drjoaoalmeida\/wp-json\/wp\/v2\/users\/1"}],"replies":[{"embeddable":true,"href":"https:\/\/margoweb.com.br\/drjoaoalmeida\/wp-json\/wp\/v2\/comments?post=324"}],"version-history":[{"count":4,"href":"https:\/\/margoweb.com.br\/drjoaoalmeida\/wp-json\/wp\/v2\/pages\/324\/revisions"}],"predecessor-version":[{"id":329,"href":"https:\/\/margoweb.com.br\/drjoaoalmeida\/wp-json\/wp\/v2\/pages\/324\/revisions\/329"}],"wp:attachment":[{"href":"https:\/\/margoweb.com.br\/drjoaoalmeida\/wp-json\/wp\/v2\/media?parent=324"}],"curies":[{"name":"wp","href":"https:\/\/api.w.org\/{rel}","templated":true}]}}