{"id":318,"date":"2021-06-09T19:10:17","date_gmt":"2021-06-09T22:10:17","guid":{"rendered":"https:\/\/drjoaoalmeida.com\/?page_id=318"},"modified":"2021-06-09T19:12:38","modified_gmt":"2021-06-09T22:12:38","slug":"infiltracoes-e-bloqueios","status":"publish","type":"page","link":"https:\/\/margoweb.com.br\/drjoaoalmeida\/infiltracoes-e-bloqueios\/","title":{"rendered":"Infiltra\u00e7\u00f5es e Bloqueios"},"content":{"rendered":"\t\t<div data-elementor-type=\"wp-page\" data-elementor-id=\"318\" class=\"elementor elementor-318\" data-elementor-settings=\"[]\">\n\t\t\t\t\t\t\t<div class=\"elementor-section-wrap\">\n\t\t\t\t\t\t\t<section class=\"elementor-section elementor-top-section elementor-element elementor-element-3e1a91b elementor-section-boxed elementor-section-height-default elementor-section-height-default\" data-id=\"3e1a91b\" data-element_type=\"section\">\n\t\t\t\t\t\t<div class=\"elementor-container elementor-column-gap-default\">\n\t\t\t\t\t<div class=\"elementor-column elementor-col-100 elementor-top-column elementor-element elementor-element-3cde040\" data-id=\"3cde040\" data-element_type=\"column\">\n\t\t\t<div class=\"elementor-widget-wrap elementor-element-populated\">\n\t\t\t\t\t\t\t\t<div class=\"elementor-element elementor-element-fdee4b4 elementor-widget elementor-widget-spacer\" data-id=\"fdee4b4\" data-element_type=\"widget\" data-widget_type=\"spacer.default\">\n\t\t\t\t<div class=\"elementor-widget-container\">\n\t\t\t\t\t<div class=\"elementor-spacer\">\n\t\t\t<div class=\"elementor-spacer-inner\"><\/div>\n\t\t<\/div>\n\t\t\t\t<\/div>\n\t\t\t\t<\/div>\n\t\t\t\t\t<\/div>\n\t\t<\/div>\n\t\t\t\t\t\t\t<\/div>\n\t\t<\/section>\n\t\t\t\t<section class=\"elementor-section elementor-top-section elementor-element elementor-element-25a4564 elementor-section-boxed elementor-section-height-default elementor-section-height-default\" data-id=\"25a4564\" data-element_type=\"section\">\n\t\t\t\t\t\t<div class=\"elementor-container elementor-column-gap-default\">\n\t\t\t\t\t<div class=\"elementor-column elementor-col-100 elementor-top-column elementor-element elementor-element-b0a87d5\" data-id=\"b0a87d5\" data-element_type=\"column\">\n\t\t\t<div class=\"elementor-widget-wrap elementor-element-populated\">\n\t\t\t\t\t\t\t\t<div class=\"elementor-element elementor-element-fea57a7 elementor-widget elementor-widget-heading\" data-id=\"fea57a7\" data-element_type=\"widget\" data-widget_type=\"heading.default\">\n\t\t\t\t<div class=\"elementor-widget-container\">\n\t\t\t<h2 class=\"elementor-heading-title elementor-size-default\">Infiltra\u00e7\u00f5es e Bloqueios<\/h2>\t\t<\/div>\n\t\t\t\t<\/div>\n\t\t\t\t\t<\/div>\n\t\t<\/div>\n\t\t\t\t\t\t\t<\/div>\n\t\t<\/section>\n\t\t\t\t<section class=\"elementor-section elementor-top-section elementor-element elementor-element-ebd622f elementor-section-boxed elementor-section-height-default elementor-section-height-default\" data-id=\"ebd622f\" data-element_type=\"section\">\n\t\t\t\t\t\t<div class=\"elementor-container elementor-column-gap-default\">\n\t\t\t\t\t<div class=\"elementor-column elementor-col-100 elementor-top-column elementor-element elementor-element-6c5b1c6\" data-id=\"6c5b1c6\" data-element_type=\"column\">\n\t\t\t<div class=\"elementor-widget-wrap elementor-element-populated\">\n\t\t\t\t\t\t\t\t<div class=\"elementor-element elementor-element-bd88fcf elementor-widget elementor-widget-text-editor\" data-id=\"bd88fcf\" data-element_type=\"widget\" data-widget_type=\"text-editor.default\">\n\t\t\t\t<div class=\"elementor-widget-container\">\n\t\t\t\t\t\t\t\t<p>Em casos de dores e\/ou inflama\u00e7\u00e3o de estruturas musculoesquel\u00e9ticas como contraturas musculares, dores por osteoartrite, tendinopatias, entre outros casos, podemos utilizar como auxilio terap\u00eautico alguns procedimentos espec\u00edficos como a inativa\u00e7\u00e3o de pontos gatilhos miofasciais com a t\u00e9cnica de agulhamento seco ou mesmo com anest\u00e9sicos como tratamento adjuvante de dor miofascial. Bloqueios de nervos perif\u00e9ricos como o do nervo supra-escapular para dores no ombro, causadas por les\u00f5es de manguito rotador, capsul\u00edte adesiva, ombro do hemipl\u00e9gico, e outras patologias. E bloqueio facet\u00e1rio para dores cr\u00f4nicas na regi\u00e3o lombar, principalmente em casos de osteoartrose de coluna.<\/p><p>Em alguns casos o bloqueio pode levar a melhora da dor por v\u00e1rios meses em conjunto com a reabilita\u00e7\u00e3o adequada. Tais procedimentos podem ser guiados por ultrassom ou como na maioria dos casos por guia anat\u00f4mico mesmo. Em geral a medica\u00e7\u00e3o usada consiste em anest\u00e9sicos e em casos espec\u00edficos inflamat\u00f3rios o uso do cortic\u00f3ide se faz presente como nas infiltra\u00e7\u00f5es intra-articulares de joelho, quadril, ombro.<\/p>\t\t\t\t\t\t<\/div>\n\t\t\t\t<\/div>\n\t\t\t\t\t<\/div>\n\t\t<\/div>\n\t\t\t\t\t\t\t<\/div>\n\t\t<\/section>\n\t\t\t\t<section class=\"elementor-section elementor-top-section elementor-element elementor-element-ab2b205 elementor-section-boxed elementor-section-height-default elementor-section-height-default\" data-id=\"ab2b205\" data-element_type=\"section\">\n\t\t\t\t\t\t<div class=\"elementor-container elementor-column-gap-default\">\n\t\t\t\t\t<div class=\"elementor-column elementor-col-100 elementor-top-column elementor-element elementor-element-053ca18\" data-id=\"053ca18\" data-element_type=\"column\">\n\t\t\t<div class=\"elementor-widget-wrap elementor-element-populated\">\n\t\t\t\t\t\t\t\t<div class=\"elementor-element elementor-element-a8f6540 elementor-widget elementor-widget-spacer\" data-id=\"a8f6540\" data-element_type=\"widget\" data-widget_type=\"spacer.default\">\n\t\t\t\t<div class=\"elementor-widget-container\">\n\t\t\t\t\t<div class=\"elementor-spacer\">\n\t\t\t<div class=\"elementor-spacer-inner\"><\/div>\n\t\t<\/div>\n\t\t\t\t<\/div>\n\t\t\t\t<\/div>\n\t\t\t\t\t<\/div>\n\t\t<\/div>\n\t\t\t\t\t\t\t<\/div>\n\t\t<\/section>\n\t\t\t\t\t\t<\/div>\n\t\t\t\t\t<\/div>\n\t\t","protected":false},"excerpt":{"rendered":"<p>Infiltra\u00e7\u00f5es e Bloqueios Em casos de dores e\/ou inflama\u00e7\u00e3o de estruturas musculoesquel\u00e9ticas como contraturas musculares, dores por osteoartrite, tendinopatias, entre outros casos, podemos utilizar como auxilio terap\u00eautico alguns procedimentos espec\u00edficos como a inativa\u00e7\u00e3o de pontos gatilhos miofasciais com a t\u00e9cnica de agulhamento seco ou mesmo com anest\u00e9sicos como tratamento adjuvante de dor miofascial. Bloqueios de&hellip; <a class=\"more-link\" href=\"https:\/\/margoweb.com.br\/drjoaoalmeida\/infiltracoes-e-bloqueios\/\">Continuar lendo <span class=\"screen-reader-text\">Infiltra\u00e7\u00f5es e Bloqueios<\/span><\/a><\/p>\n","protected":false},"author":1,"featured_media":0,"parent":0,"menu_order":0,"comment_status":"closed","ping_status":"closed","template":"elementor_header_footer","meta":{"footnotes":""},"class_list":["post-318","page","type-page","status-publish","hentry","entry"],"_links":{"self":[{"href":"https:\/\/margoweb.com.br\/drjoaoalmeida\/wp-json\/wp\/v2\/pages\/318","targetHints":{"allow":["GET"]}}],"collection":[{"href":"https:\/\/margoweb.com.br\/drjoaoalmeida\/wp-json\/wp\/v2\/pages"}],"about":[{"href":"https:\/\/margoweb.com.br\/drjoaoalmeida\/wp-json\/wp\/v2\/types\/page"}],"author":[{"embeddable":true,"href":"https:\/\/margoweb.com.br\/drjoaoalmeida\/wp-json\/wp\/v2\/users\/1"}],"replies":[{"embeddable":true,"href":"https:\/\/margoweb.com.br\/drjoaoalmeida\/wp-json\/wp\/v2\/comments?post=318"}],"version-history":[{"count":4,"href":"https:\/\/margoweb.com.br\/drjoaoalmeida\/wp-json\/wp\/v2\/pages\/318\/revisions"}],"predecessor-version":[{"id":323,"href":"https:\/\/margoweb.com.br\/drjoaoalmeida\/wp-json\/wp\/v2\/pages\/318\/revisions\/323"}],"wp:attachment":[{"href":"https:\/\/margoweb.com.br\/drjoaoalmeida\/wp-json\/wp\/v2\/media?parent=318"}],"curies":[{"name":"wp","href":"https:\/\/api.w.org\/{rel}","templated":true}]}}