{"id":309,"date":"2021-06-09T19:08:15","date_gmt":"2021-06-09T22:08:15","guid":{"rendered":"https:\/\/drjoaoalmeida.com\/?page_id=309"},"modified":"2021-06-09T19:09:55","modified_gmt":"2021-06-09T22:09:55","slug":"fisiatria","status":"publish","type":"page","link":"https:\/\/margoweb.com.br\/drjoaoalmeida\/fisiatria\/","title":{"rendered":"Fisiatria"},"content":{"rendered":"\t\t<div data-elementor-type=\"wp-page\" data-elementor-id=\"309\" class=\"elementor elementor-309\" data-elementor-settings=\"[]\">\n\t\t\t\t\t\t\t<div class=\"elementor-section-wrap\">\n\t\t\t\t\t\t\t<section class=\"elementor-section elementor-top-section elementor-element elementor-element-d410cff elementor-section-boxed elementor-section-height-default elementor-section-height-default\" data-id=\"d410cff\" data-element_type=\"section\">\n\t\t\t\t\t\t<div class=\"elementor-container elementor-column-gap-default\">\n\t\t\t\t\t<div class=\"elementor-column elementor-col-100 elementor-top-column elementor-element elementor-element-bf361b8\" data-id=\"bf361b8\" data-element_type=\"column\">\n\t\t\t<div class=\"elementor-widget-wrap elementor-element-populated\">\n\t\t\t\t\t\t\t\t<div class=\"elementor-element elementor-element-a1f76b4 elementor-widget elementor-widget-spacer\" data-id=\"a1f76b4\" data-element_type=\"widget\" data-widget_type=\"spacer.default\">\n\t\t\t\t<div class=\"elementor-widget-container\">\n\t\t\t\t\t<div class=\"elementor-spacer\">\n\t\t\t<div class=\"elementor-spacer-inner\"><\/div>\n\t\t<\/div>\n\t\t\t\t<\/div>\n\t\t\t\t<\/div>\n\t\t\t\t\t<\/div>\n\t\t<\/div>\n\t\t\t\t\t\t\t<\/div>\n\t\t<\/section>\n\t\t\t\t<section class=\"elementor-section elementor-top-section elementor-element elementor-element-10f420f elementor-section-boxed elementor-section-height-default elementor-section-height-default\" data-id=\"10f420f\" data-element_type=\"section\">\n\t\t\t\t\t\t<div class=\"elementor-container elementor-column-gap-default\">\n\t\t\t\t\t<div class=\"elementor-column elementor-col-100 elementor-top-column elementor-element elementor-element-68d7c58\" data-id=\"68d7c58\" data-element_type=\"column\">\n\t\t\t<div class=\"elementor-widget-wrap elementor-element-populated\">\n\t\t\t\t\t\t\t\t<div class=\"elementor-element elementor-element-a3874f5 elementor-widget elementor-widget-heading\" data-id=\"a3874f5\" data-element_type=\"widget\" data-widget_type=\"heading.default\">\n\t\t\t\t<div class=\"elementor-widget-container\">\n\t\t\t<h2 class=\"elementor-heading-title elementor-size-default\">Fisiatria<\/h2>\t\t<\/div>\n\t\t\t\t<\/div>\n\t\t\t\t\t<\/div>\n\t\t<\/div>\n\t\t\t\t\t\t\t<\/div>\n\t\t<\/section>\n\t\t\t\t<section class=\"elementor-section elementor-top-section elementor-element elementor-element-c62cd57 elementor-section-boxed elementor-section-height-default elementor-section-height-default\" data-id=\"c62cd57\" data-element_type=\"section\">\n\t\t\t\t\t\t<div class=\"elementor-container elementor-column-gap-default\">\n\t\t\t\t\t<div class=\"elementor-column elementor-col-100 elementor-top-column elementor-element elementor-element-6e4a578\" data-id=\"6e4a578\" data-element_type=\"column\">\n\t\t\t<div class=\"elementor-widget-wrap elementor-element-populated\">\n\t\t\t\t\t\t\t\t<div class=\"elementor-element elementor-element-a1ea915 elementor-widget elementor-widget-text-editor\" data-id=\"a1ea915\" data-element_type=\"widget\" data-widget_type=\"text-editor.default\">\n\t\t\t\t<div class=\"elementor-widget-container\">\n\t\t\t\t\t\t\t\t<p>A Medicina Fisica e Reabilita\u00e7\u00e3o \u00e9 uma especialidade m\u00e9dica que lida com avalia\u00e7\u00e3o e tratamento de doentes cuja capacidade funcional esteja limitada. Tamb\u00e9m conhecida como FISIATRIA, \u00e9 uma especialidade antiga.<\/p><p>O Fisiatra lida em geral com dores, les\u00f5es musculoesquel\u00e9ticas e neurol\u00f3gicas, com uma vasta gama de atua\u00e7\u00e3o visando restabelecer a fun\u00e7\u00e3o que a les\u00e3o gerou. Tem conhecimentos REABILITACIONAIS em v\u00e1rias \u00e1reas da Medicina como Neurologia, Ortopedia, Reumatologia, Cardiologia, Pediatria entre outras centrando-se no indiv\u00edduo como um todo e capacitando a sua integra\u00e7\u00e3o n\u00e3o s\u00f3 no meio f\u00edsico, mas tamb\u00e9m no social, emocional, laboral.<\/p><p>Atua tamb\u00e9m em conjunto com diversas equipes, como o educador f\u00edsico, fisioterapia, fono, terapia ocupacional, nutri\u00e7\u00e3o, psicologia, enfermagem, entre outras, sendo talvez a especialidade m\u00e9dica que promove a maior interdisciplinaridade no tratamento do paciente para que haja a melhora da incapacidade.<\/p>\t\t\t\t\t\t<\/div>\n\t\t\t\t<\/div>\n\t\t\t\t\t<\/div>\n\t\t<\/div>\n\t\t\t\t\t\t\t<\/div>\n\t\t<\/section>\n\t\t\t\t<section class=\"elementor-section elementor-top-section elementor-element elementor-element-1291f57 elementor-section-boxed elementor-section-height-default elementor-section-height-default\" data-id=\"1291f57\" data-element_type=\"section\">\n\t\t\t\t\t\t<div class=\"elementor-container elementor-column-gap-default\">\n\t\t\t\t\t<div class=\"elementor-column elementor-col-100 elementor-top-column elementor-element elementor-element-1636f6d\" data-id=\"1636f6d\" data-element_type=\"column\">\n\t\t\t<div class=\"elementor-widget-wrap elementor-element-populated\">\n\t\t\t\t\t\t\t\t<div class=\"elementor-element elementor-element-ae557e3 elementor-widget elementor-widget-spacer\" data-id=\"ae557e3\" data-element_type=\"widget\" data-widget_type=\"spacer.default\">\n\t\t\t\t<div class=\"elementor-widget-container\">\n\t\t\t\t\t<div class=\"elementor-spacer\">\n\t\t\t<div class=\"elementor-spacer-inner\"><\/div>\n\t\t<\/div>\n\t\t\t\t<\/div>\n\t\t\t\t<\/div>\n\t\t\t\t\t<\/div>\n\t\t<\/div>\n\t\t\t\t\t\t\t<\/div>\n\t\t<\/section>\n\t\t\t\t\t\t<\/div>\n\t\t\t\t\t<\/div>\n\t\t","protected":false},"excerpt":{"rendered":"<p>Fisiatria A Medicina Fisica e Reabilita\u00e7\u00e3o \u00e9 uma especialidade m\u00e9dica que lida com avalia\u00e7\u00e3o e tratamento de doentes cuja capacidade funcional esteja limitada. Tamb\u00e9m conhecida como FISIATRIA, \u00e9 uma especialidade antiga. O Fisiatra lida em geral com dores, les\u00f5es musculoesquel\u00e9ticas e neurol\u00f3gicas, com uma vasta gama de atua\u00e7\u00e3o visando restabelecer a fun\u00e7\u00e3o que a les\u00e3o&hellip; <a class=\"more-link\" href=\"https:\/\/margoweb.com.br\/drjoaoalmeida\/fisiatria\/\">Continuar lendo <span class=\"screen-reader-text\">Fisiatria<\/span><\/a><\/p>\n","protected":false},"author":1,"featured_media":0,"parent":0,"menu_order":0,"comment_status":"closed","ping_status":"closed","template":"elementor_header_footer","meta":{"footnotes":""},"class_list":["post-309","page","type-page","status-publish","hentry","entry"],"_links":{"self":[{"href":"https:\/\/margoweb.com.br\/drjoaoalmeida\/wp-json\/wp\/v2\/pages\/309","targetHints":{"allow":["GET"]}}],"collection":[{"href":"https:\/\/margoweb.com.br\/drjoaoalmeida\/wp-json\/wp\/v2\/pages"}],"about":[{"href":"https:\/\/margoweb.com.br\/drjoaoalmeida\/wp-json\/wp\/v2\/types\/page"}],"author":[{"embeddable":true,"href":"https:\/\/margoweb.com.br\/drjoaoalmeida\/wp-json\/wp\/v2\/users\/1"}],"replies":[{"embeddable":true,"href":"https:\/\/margoweb.com.br\/drjoaoalmeida\/wp-json\/wp\/v2\/comments?post=309"}],"version-history":[{"count":4,"href":"https:\/\/margoweb.com.br\/drjoaoalmeida\/wp-json\/wp\/v2\/pages\/309\/revisions"}],"predecessor-version":[{"id":317,"href":"https:\/\/margoweb.com.br\/drjoaoalmeida\/wp-json\/wp\/v2\/pages\/309\/revisions\/317"}],"wp:attachment":[{"href":"https:\/\/margoweb.com.br\/drjoaoalmeida\/wp-json\/wp\/v2\/media?parent=309"}],"curies":[{"name":"wp","href":"https:\/\/api.w.org\/{rel}","templated":true}]}}