{"id":298,"date":"2021-06-09T19:05:06","date_gmt":"2021-06-09T22:05:06","guid":{"rendered":"https:\/\/drjoaoalmeida.com\/?page_id=298"},"modified":"2021-06-09T19:07:22","modified_gmt":"2021-06-09T22:07:22","slug":"teste-ergometrico","status":"publish","type":"page","link":"https:\/\/margoweb.com.br\/drjoaoalmeida\/teste-ergometrico\/","title":{"rendered":"Teste Ergom\u00e9trico"},"content":{"rendered":"\t\t<div data-elementor-type=\"wp-page\" data-elementor-id=\"298\" class=\"elementor elementor-298\" data-elementor-settings=\"[]\">\n\t\t\t\t\t\t\t<div class=\"elementor-section-wrap\">\n\t\t\t\t\t\t\t<section class=\"elementor-section elementor-top-section elementor-element elementor-element-aeeea11 elementor-section-boxed elementor-section-height-default elementor-section-height-default\" data-id=\"aeeea11\" data-element_type=\"section\">\n\t\t\t\t\t\t<div class=\"elementor-container elementor-column-gap-default\">\n\t\t\t\t\t<div class=\"elementor-column elementor-col-100 elementor-top-column elementor-element elementor-element-27bf38f\" data-id=\"27bf38f\" data-element_type=\"column\">\n\t\t\t<div class=\"elementor-widget-wrap elementor-element-populated\">\n\t\t\t\t\t\t\t\t<div class=\"elementor-element elementor-element-6ad51f3 elementor-widget elementor-widget-spacer\" data-id=\"6ad51f3\" data-element_type=\"widget\" data-widget_type=\"spacer.default\">\n\t\t\t\t<div class=\"elementor-widget-container\">\n\t\t\t\t\t<div class=\"elementor-spacer\">\n\t\t\t<div class=\"elementor-spacer-inner\"><\/div>\n\t\t<\/div>\n\t\t\t\t<\/div>\n\t\t\t\t<\/div>\n\t\t\t\t\t<\/div>\n\t\t<\/div>\n\t\t\t\t\t\t\t<\/div>\n\t\t<\/section>\n\t\t\t\t<section class=\"elementor-section elementor-top-section elementor-element elementor-element-da52f4a elementor-section-boxed elementor-section-height-default elementor-section-height-default\" data-id=\"da52f4a\" data-element_type=\"section\">\n\t\t\t\t\t\t<div class=\"elementor-container elementor-column-gap-default\">\n\t\t\t\t\t<div class=\"elementor-column elementor-col-100 elementor-top-column elementor-element elementor-element-c005a67\" data-id=\"c005a67\" data-element_type=\"column\">\n\t\t\t<div class=\"elementor-widget-wrap elementor-element-populated\">\n\t\t\t\t\t\t\t\t<div class=\"elementor-element elementor-element-e10829e elementor-widget elementor-widget-heading\" data-id=\"e10829e\" data-element_type=\"widget\" data-widget_type=\"heading.default\">\n\t\t\t\t<div class=\"elementor-widget-container\">\n\t\t\t<h2 class=\"elementor-heading-title elementor-size-default\">Teste Ergom\u00e9trico<\/h2>\t\t<\/div>\n\t\t\t\t<\/div>\n\t\t\t\t\t<\/div>\n\t\t<\/div>\n\t\t\t\t\t\t\t<\/div>\n\t\t<\/section>\n\t\t\t\t<section class=\"elementor-section elementor-top-section elementor-element elementor-element-8965627 elementor-section-boxed elementor-section-height-default elementor-section-height-default\" data-id=\"8965627\" data-element_type=\"section\">\n\t\t\t\t\t\t<div class=\"elementor-container elementor-column-gap-default\">\n\t\t\t\t\t<div class=\"elementor-column elementor-col-100 elementor-top-column elementor-element elementor-element-7a9f410\" data-id=\"7a9f410\" data-element_type=\"column\">\n\t\t\t<div class=\"elementor-widget-wrap elementor-element-populated\">\n\t\t\t\t\t\t\t\t<div class=\"elementor-element elementor-element-925e9b5 elementor-widget elementor-widget-text-editor\" data-id=\"925e9b5\" data-element_type=\"widget\" data-widget_type=\"text-editor.default\">\n\t\t\t\t<div class=\"elementor-widget-container\">\n\t\t\t\t\t\t\t\t<p>O teste Ergom\u00e9trico \u00e9 um exame onde s\u00e3o observados os comportamentos da frequ\u00eancia card\u00edaca e da press\u00e3o arterial durante os estados de repouso e esfor\u00e7o. Oferece dados sobre o funcionamento cardiovascular quando o cora\u00e7\u00e3o \u00e9 submetido a esfor\u00e7o f\u00edsico de forma gradual e crescente e avalia o desempenho das reservas coron\u00e1rias (capacidade de os vasos do cora\u00e7\u00e3o aumentarem o fluxo sangu\u00edneo conforme a intensidade do esfor\u00e7o).<\/p><p>Por meio dele \u00e9 poss\u00edvel diagnosticar, avaliar a capacidade cardiorrespirat\u00f3ria e verificar a exist\u00eancia de enfermidades como arritmias, isquemia mioc\u00e1rdica e doen\u00e7a arterial coronariana (aterosclerose coronariana). Sendo assim, um grande aliado no diagn\u00f3stico de cardiopatias silenciosas.<\/p>\t\t\t\t\t\t<\/div>\n\t\t\t\t<\/div>\n\t\t\t\t\t<\/div>\n\t\t<\/div>\n\t\t\t\t\t\t\t<\/div>\n\t\t<\/section>\n\t\t\t\t<section class=\"elementor-section elementor-top-section elementor-element elementor-element-f83bbe2 elementor-section-boxed elementor-section-height-default elementor-section-height-default\" data-id=\"f83bbe2\" data-element_type=\"section\">\n\t\t\t\t\t\t<div class=\"elementor-container elementor-column-gap-default\">\n\t\t\t\t\t<div class=\"elementor-column elementor-col-100 elementor-top-column elementor-element elementor-element-0fd5c26\" data-id=\"0fd5c26\" data-element_type=\"column\">\n\t\t\t<div class=\"elementor-widget-wrap elementor-element-populated\">\n\t\t\t\t\t\t\t\t<div class=\"elementor-element elementor-element-c610f86 elementor-widget elementor-widget-spacer\" data-id=\"c610f86\" data-element_type=\"widget\" data-widget_type=\"spacer.default\">\n\t\t\t\t<div class=\"elementor-widget-container\">\n\t\t\t\t\t<div class=\"elementor-spacer\">\n\t\t\t<div class=\"elementor-spacer-inner\"><\/div>\n\t\t<\/div>\n\t\t\t\t<\/div>\n\t\t\t\t<\/div>\n\t\t\t\t\t<\/div>\n\t\t<\/div>\n\t\t\t\t\t\t\t<\/div>\n\t\t<\/section>\n\t\t\t\t\t\t<\/div>\n\t\t\t\t\t<\/div>\n\t\t","protected":false},"excerpt":{"rendered":"<p>Teste Ergom\u00e9trico O teste Ergom\u00e9trico \u00e9 um exame onde s\u00e3o observados os comportamentos da frequ\u00eancia card\u00edaca e da press\u00e3o arterial durante os estados de repouso e esfor\u00e7o. Oferece dados sobre o funcionamento cardiovascular quando o cora\u00e7\u00e3o \u00e9 submetido a esfor\u00e7o f\u00edsico de forma gradual e crescente e avalia o desempenho das reservas coron\u00e1rias (capacidade de&hellip; <a class=\"more-link\" href=\"https:\/\/margoweb.com.br\/drjoaoalmeida\/teste-ergometrico\/\">Continuar lendo <span class=\"screen-reader-text\">Teste Ergom\u00e9trico<\/span><\/a><\/p>\n","protected":false},"author":1,"featured_media":0,"parent":0,"menu_order":0,"comment_status":"closed","ping_status":"closed","template":"elementor_header_footer","meta":{"footnotes":""},"class_list":["post-298","page","type-page","status-publish","hentry","entry"],"_links":{"self":[{"href":"https:\/\/margoweb.com.br\/drjoaoalmeida\/wp-json\/wp\/v2\/pages\/298","targetHints":{"allow":["GET"]}}],"collection":[{"href":"https:\/\/margoweb.com.br\/drjoaoalmeida\/wp-json\/wp\/v2\/pages"}],"about":[{"href":"https:\/\/margoweb.com.br\/drjoaoalmeida\/wp-json\/wp\/v2\/types\/page"}],"author":[{"embeddable":true,"href":"https:\/\/margoweb.com.br\/drjoaoalmeida\/wp-json\/wp\/v2\/users\/1"}],"replies":[{"embeddable":true,"href":"https:\/\/margoweb.com.br\/drjoaoalmeida\/wp-json\/wp\/v2\/comments?post=298"}],"version-history":[{"count":7,"href":"https:\/\/margoweb.com.br\/drjoaoalmeida\/wp-json\/wp\/v2\/pages\/298\/revisions"}],"predecessor-version":[{"id":308,"href":"https:\/\/margoweb.com.br\/drjoaoalmeida\/wp-json\/wp\/v2\/pages\/298\/revisions\/308"}],"wp:attachment":[{"href":"https:\/\/margoweb.com.br\/drjoaoalmeida\/wp-json\/wp\/v2\/media?parent=298"}],"curies":[{"name":"wp","href":"https:\/\/api.w.org\/{rel}","templated":true}]}}