{"id":29,"date":"2021-05-07T15:27:25","date_gmt":"2021-05-07T18:27:25","guid":{"rendered":"https:\/\/drjoaoalmeida.com\/?page_id=29"},"modified":"2021-05-12T15:16:50","modified_gmt":"2021-05-12T18:16:50","slug":"artigos","status":"publish","type":"page","link":"https:\/\/margoweb.com.br\/drjoaoalmeida\/artigos\/","title":{"rendered":"Artigos"},"content":{"rendered":"\t\t<div data-elementor-type=\"wp-page\" data-elementor-id=\"29\" class=\"elementor elementor-29\" data-elementor-settings=\"[]\">\n\t\t\t\t\t\t\t<div class=\"elementor-section-wrap\">\n\t\t\t\t\t\t\t<section class=\"elementor-section elementor-top-section elementor-element elementor-element-e897cc8 elementor-section-full_width elementor-section-height-min-height elementor-section-height-default elementor-section-items-middle\" data-id=\"e897cc8\" data-element_type=\"section\" data-settings=\"{&quot;background_background&quot;:&quot;classic&quot;}\">\n\t\t\t\t\t\t<div class=\"elementor-container elementor-column-gap-default\">\n\t\t\t\t\t<div class=\"elementor-column elementor-col-100 elementor-top-column elementor-element elementor-element-863170a\" data-id=\"863170a\" data-element_type=\"column\">\n\t\t\t<div class=\"elementor-widget-wrap elementor-element-populated\">\n\t\t\t\t\t\t\t\t<div class=\"elementor-element elementor-element-94f5f3e elementor-widget elementor-widget-heading\" data-id=\"94f5f3e\" data-element_type=\"widget\" data-widget_type=\"heading.default\">\n\t\t\t\t<div class=\"elementor-widget-container\">\n\t\t\t<h2 class=\"elementor-heading-title elementor-size-default\">Artigos<\/h2>\t\t<\/div>\n\t\t\t\t<\/div>\n\t\t\t\t\t<\/div>\n\t\t<\/div>\n\t\t\t\t\t\t\t<\/div>\n\t\t<\/section>\n\t\t\t\t<section class=\"elementor-section elementor-top-section elementor-element elementor-element-316aee9 elementor-section-boxed elementor-section-height-default elementor-section-height-default\" data-id=\"316aee9\" data-element_type=\"section\">\n\t\t\t\t\t\t<div class=\"elementor-container elementor-column-gap-default\">\n\t\t\t\t\t<div class=\"elementor-column elementor-col-100 elementor-top-column elementor-element elementor-element-c67a2ef\" data-id=\"c67a2ef\" data-element_type=\"column\">\n\t\t\t<div class=\"elementor-widget-wrap elementor-element-populated\">\n\t\t\t\t\t\t\t\t<div class=\"elementor-element elementor-element-f753f80 elementor-grid-3 elementor-grid-tablet-2 elementor-grid-mobile-1 elementor-posts--thumbnail-top elementor-widget elementor-widget-posts\" data-id=\"f753f80\" data-element_type=\"widget\" data-settings=\"{&quot;classic_columns&quot;:&quot;3&quot;,&quot;classic_columns_tablet&quot;:&quot;2&quot;,&quot;classic_columns_mobile&quot;:&quot;1&quot;,&quot;classic_row_gap&quot;:{&quot;unit&quot;:&quot;px&quot;,&quot;size&quot;:35,&quot;sizes&quot;:[]}}\" data-widget_type=\"posts.classic\">\n\t\t\t\t<div class=\"elementor-widget-container\">\n\t\t\t\t\t<div class=\"elementor-posts-container elementor-posts elementor-posts--skin-classic elementor-grid\">\n\t\t\t\t<article class=\"elementor-post elementor-grid-item post-248 post type-post status-publish format-standard has-post-thumbnail hentry category-sem-categoria entry\">\n\t\t\t\t<a class=\"elementor-post__thumbnail__link\" href=\"https:\/\/margoweb.com.br\/drjoaoalmeida\/2021\/05\/12\/eficacia-da-infiltracao-com-acido-hialuronico-no-tratamento-da-osteoartrose\/\" >\n\t\t\t<div class=\"elementor-post__thumbnail\"><img loading=\"lazy\" decoding=\"async\" width=\"300\" height=\"141\" src=\"https:\/\/margoweb.com.br\/drjoaoalmeida\/wp-content\/uploads\/2021\/05\/eficacia-da-infiltracao-com-acido-hialuronico-no-tratamento-da-osteoartrose-08032017091455-300x141.png\" class=\"attachment-medium size-medium\" alt=\"\" srcset=\"https:\/\/margoweb.com.br\/drjoaoalmeida\/wp-content\/uploads\/2021\/05\/eficacia-da-infiltracao-com-acido-hialuronico-no-tratamento-da-osteoartrose-08032017091455-300x141.png 300w, https:\/\/margoweb.com.br\/drjoaoalmeida\/wp-content\/uploads\/2021\/05\/eficacia-da-infiltracao-com-acido-hialuronico-no-tratamento-da-osteoartrose-08032017091455-768x361.png 768w, https:\/\/margoweb.com.br\/drjoaoalmeida\/wp-content\/uploads\/2021\/05\/eficacia-da-infiltracao-com-acido-hialuronico-no-tratamento-da-osteoartrose-08032017091455.png 850w\" sizes=\"auto, (max-width: 300px) 100vw, 300px\" style=\"width:100%;height:47.06%;max-width:850px;\" \/><\/div>\n\t\t<\/a>\n\t\t\t\t<div class=\"elementor-post__text\">\n\t\t\t\t<h3 class=\"elementor-post__title\">\n\t\t\t<a href=\"https:\/\/margoweb.com.br\/drjoaoalmeida\/2021\/05\/12\/eficacia-da-infiltracao-com-acido-hialuronico-no-tratamento-da-osteoartrose\/\" >\n\t\t\t\tEfic\u00e1cia da Infiltra\u00e7\u00e3o com \u00e1cido hialur\u00f4nico no tratamento da osteoartrose\t\t\t<\/a>\n\t\t<\/h3>\n\t\t\t\t<div class=\"elementor-post__meta-data\">\n\t\t\t\t\t<span class=\"elementor-post-date\">\n\t\t\t12 de maio de 2021\t\t<\/span>\n\t\t\t\t<span class=\"elementor-post-avatar\">\n\t\t\tNenhum coment\u00e1rio\t\t<\/span>\n\t\t\t\t<\/div>\n\t\t\t\t<div class=\"elementor-post__excerpt\">\n\t\t\t<p>Efic\u00e1cia da Infiltra\u00e7\u00e3o com \u00e1cido hialur\u00f4nico no tratamento da osteoartrose A viscossuplementa\u00e7\u00e3o, tamb\u00e9m conhecida como infiltra\u00e7\u00e3o com \u00e1cido hialur\u00f4nico, \u00e9 um tratamento utilizado para reposi\u00e7\u00e3o<\/p>\n\t\t<\/div>\n\t\t\t\t\t<a class=\"elementor-post__read-more\" href=\"https:\/\/margoweb.com.br\/drjoaoalmeida\/2021\/05\/12\/eficacia-da-infiltracao-com-acido-hialuronico-no-tratamento-da-osteoartrose\/\" >\n\t\t\t\tLeia mais \u00bb\t\t\t<\/a>\n\t\t\t\t<\/div>\n\t\t\t\t<\/article>\n\t\t\t\t<\/div>\n\t\t\t\t<\/div>\n\t\t\t\t<\/div>\n\t\t\t\t\t<\/div>\n\t\t<\/div>\n\t\t\t\t\t\t\t<\/div>\n\t\t<\/section>\n\t\t\t\t\t\t<\/div>\n\t\t\t\t\t<\/div>\n\t\t","protected":false},"excerpt":{"rendered":"<p>Artigos<\/p>\n","protected":false},"author":1,"featured_media":0,"parent":0,"menu_order":0,"comment_status":"closed","ping_status":"closed","template":"elementor_header_footer","meta":{"footnotes":""},"class_list":["post-29","page","type-page","status-publish","hentry","entry"],"_links":{"self":[{"href":"https:\/\/margoweb.com.br\/drjoaoalmeida\/wp-json\/wp\/v2\/pages\/29","targetHints":{"allow":["GET"]}}],"collection":[{"href":"https:\/\/margoweb.com.br\/drjoaoalmeida\/wp-json\/wp\/v2\/pages"}],"about":[{"href":"https:\/\/margoweb.com.br\/drjoaoalmeida\/wp-json\/wp\/v2\/types\/page"}],"author":[{"embeddable":true,"href":"https:\/\/margoweb.com.br\/drjoaoalmeida\/wp-json\/wp\/v2\/users\/1"}],"replies":[{"embeddable":true,"href":"https:\/\/margoweb.com.br\/drjoaoalmeida\/wp-json\/wp\/v2\/comments?post=29"}],"version-history":[{"count":10,"href":"https:\/\/margoweb.com.br\/drjoaoalmeida\/wp-json\/wp\/v2\/pages\/29\/revisions"}],"predecessor-version":[{"id":267,"href":"https:\/\/margoweb.com.br\/drjoaoalmeida\/wp-json\/wp\/v2\/pages\/29\/revisions\/267"}],"wp:attachment":[{"href":"https:\/\/margoweb.com.br\/drjoaoalmeida\/wp-json\/wp\/v2\/media?parent=29"}],"curies":[{"name":"wp","href":"https:\/\/api.w.org\/{rel}","templated":true}]}}