{"id":288,"date":"2021-06-09T19:01:43","date_gmt":"2021-06-09T22:01:43","guid":{"rendered":"https:\/\/drjoaoalmeida.com\/?page_id=288"},"modified":"2021-06-09T19:08:03","modified_gmt":"2021-06-09T22:08:03","slug":"composicao-corporal","status":"publish","type":"page","link":"https:\/\/margoweb.com.br\/drjoaoalmeida\/composicao-corporal\/","title":{"rendered":"Composi\u00e7\u00e3o Corporal"},"content":{"rendered":"\t\t<div data-elementor-type=\"wp-page\" data-elementor-id=\"288\" class=\"elementor elementor-288\" data-elementor-settings=\"[]\">\n\t\t\t\t\t\t\t<div class=\"elementor-section-wrap\">\n\t\t\t\t\t\t\t<section class=\"elementor-section elementor-top-section elementor-element elementor-element-4008a32 elementor-section-boxed elementor-section-height-default elementor-section-height-default\" data-id=\"4008a32\" data-element_type=\"section\">\n\t\t\t\t\t\t<div class=\"elementor-container elementor-column-gap-default\">\n\t\t\t\t\t<div class=\"elementor-column elementor-col-100 elementor-top-column elementor-element elementor-element-5b11e49\" data-id=\"5b11e49\" data-element_type=\"column\">\n\t\t\t<div class=\"elementor-widget-wrap elementor-element-populated\">\n\t\t\t\t\t\t\t\t<div class=\"elementor-element elementor-element-618994f elementor-widget elementor-widget-spacer\" data-id=\"618994f\" data-element_type=\"widget\" data-widget_type=\"spacer.default\">\n\t\t\t\t<div class=\"elementor-widget-container\">\n\t\t\t\t\t<div class=\"elementor-spacer\">\n\t\t\t<div class=\"elementor-spacer-inner\"><\/div>\n\t\t<\/div>\n\t\t\t\t<\/div>\n\t\t\t\t<\/div>\n\t\t\t\t\t<\/div>\n\t\t<\/div>\n\t\t\t\t\t\t\t<\/div>\n\t\t<\/section>\n\t\t\t\t<section class=\"elementor-section elementor-top-section elementor-element elementor-element-3261d7f elementor-section-boxed elementor-section-height-default elementor-section-height-default\" data-id=\"3261d7f\" data-element_type=\"section\">\n\t\t\t\t\t\t<div class=\"elementor-container elementor-column-gap-default\">\n\t\t\t\t\t<div class=\"elementor-column elementor-col-100 elementor-top-column elementor-element elementor-element-33bd31c\" data-id=\"33bd31c\" data-element_type=\"column\">\n\t\t\t<div class=\"elementor-widget-wrap elementor-element-populated\">\n\t\t\t\t\t\t\t\t<div class=\"elementor-element elementor-element-630c526 elementor-widget elementor-widget-heading\" data-id=\"630c526\" data-element_type=\"widget\" data-widget_type=\"heading.default\">\n\t\t\t\t<div class=\"elementor-widget-container\">\n\t\t\t<h2 class=\"elementor-heading-title elementor-size-default\">Composi\u00e7\u00e3o Corporal<\/h2>\t\t<\/div>\n\t\t\t\t<\/div>\n\t\t\t\t\t<\/div>\n\t\t<\/div>\n\t\t\t\t\t\t\t<\/div>\n\t\t<\/section>\n\t\t\t\t<section class=\"elementor-section elementor-top-section elementor-element elementor-element-f179bf9 elementor-section-boxed elementor-section-height-default elementor-section-height-default\" data-id=\"f179bf9\" data-element_type=\"section\">\n\t\t\t\t\t\t<div class=\"elementor-container elementor-column-gap-default\">\n\t\t\t\t\t<div class=\"elementor-column elementor-col-100 elementor-top-column elementor-element elementor-element-12d4510\" data-id=\"12d4510\" data-element_type=\"column\">\n\t\t\t<div class=\"elementor-widget-wrap elementor-element-populated\">\n\t\t\t\t\t\t\t\t<div class=\"elementor-element elementor-element-2e35259 elementor-widget elementor-widget-text-editor\" data-id=\"2e35259\" data-element_type=\"widget\" data-widget_type=\"text-editor.default\">\n\t\t\t\t<div class=\"elementor-widget-container\">\n\t\t\t\t\t\t\t\t<p>A antropometria \u00e9 definida como o estudo das medidas de tamanho e propor\u00e7\u00f5es do corpo humano. As medidas antropom\u00e9tricas tais como peso, altura, circunfer\u00eancia de cintura e circunfer\u00eancia de quadril, entre outras, s\u00e3o utilizadas para o diagn\u00f3stico do estado nutricional (desnutri\u00e7\u00e3o, sobrepeso e obesidade) e avalia\u00e7\u00e3o dos riscos para algumas doen\u00e7as (diabetes mellitus, cardiopatias e hipertens\u00e3o arterial sist\u00eamica).<\/p><p>Existem v\u00e1rios m\u00e9todos de composi\u00e7\u00e3o corporal, e em geral o que mais se busca \u00e9 o percentual de gordura, e para isso temos algumas pr\u00e1ticas no consult\u00f3rio para facilitar tal mensura\u00e7\u00e3o, as mais conhecidas s\u00e3o a avalia\u00e7\u00e3o de dobras cut\u00e2neas com o adip\u00f4metro, e a bioimped\u00e2nciometria.<\/p><div><p>O adip\u00f4metro, \u00e9 um aparelho similar a uma pin\u00e7a com um man\u00f4metro preciso, \u00e9 um m\u00e9todo simples e com boa sensibilidade na aquisi\u00e7\u00e3o das medidas, em geral \u00e9 usado o protocolo de Pollock de 7 dobras onde \u00e9 mensurado \u00e1reas espec\u00edficas e chega-se ao percentual de gordura.<\/p><p>A bioimpedanciometria \u00e9 um exame onde ocorre uma passagem de corrente el\u00e9trica no corpo e h\u00e1 uma resist\u00eancia ao fluxo vari\u00e1vel conforme as propriedades dos diferentes tecidos corporais. A partir da an\u00e1lise da condutibilidade do corpo, o equipamento pode obter muitos dados relativos \u00e0 constitui\u00e7\u00e3o corporal e \u00e9 um m\u00e9todo r\u00e1pido, n\u00e3o invasivo, indolor e relativamente preciso. Os resultados permitem ao m\u00e9dico conhecer o percentual de gordura, a massa magra e outros dados relevantes. O exame \u00e9 \u00fatil para monitorar as altera\u00e7\u00f5es da composi\u00e7\u00e3o corporal durante um per\u00edodo de treinamento f\u00edsico ou tratamento diet\u00e9tico.<\/p><\/div>\t\t\t\t\t\t<\/div>\n\t\t\t\t<\/div>\n\t\t\t\t\t<\/div>\n\t\t<\/div>\n\t\t\t\t\t\t\t<\/div>\n\t\t<\/section>\n\t\t\t\t<section class=\"elementor-section elementor-top-section elementor-element elementor-element-9db8a9b elementor-section-boxed elementor-section-height-default elementor-section-height-default\" data-id=\"9db8a9b\" data-element_type=\"section\">\n\t\t\t\t\t\t<div class=\"elementor-container elementor-column-gap-default\">\n\t\t\t\t\t<div class=\"elementor-column elementor-col-100 elementor-top-column elementor-element elementor-element-c8b9f6e\" data-id=\"c8b9f6e\" data-element_type=\"column\">\n\t\t\t<div class=\"elementor-widget-wrap elementor-element-populated\">\n\t\t\t\t\t\t\t\t<div class=\"elementor-element elementor-element-3dbeb4d elementor-widget elementor-widget-spacer\" data-id=\"3dbeb4d\" data-element_type=\"widget\" data-widget_type=\"spacer.default\">\n\t\t\t\t<div class=\"elementor-widget-container\">\n\t\t\t\t\t<div class=\"elementor-spacer\">\n\t\t\t<div class=\"elementor-spacer-inner\"><\/div>\n\t\t<\/div>\n\t\t\t\t<\/div>\n\t\t\t\t<\/div>\n\t\t\t\t\t<\/div>\n\t\t<\/div>\n\t\t\t\t\t\t\t<\/div>\n\t\t<\/section>\n\t\t\t\t\t\t<\/div>\n\t\t\t\t\t<\/div>\n\t\t","protected":false},"excerpt":{"rendered":"<p>Composi\u00e7\u00e3o Corporal A antropometria \u00e9 definida como o estudo das medidas de tamanho e propor\u00e7\u00f5es do corpo humano. As medidas antropom\u00e9tricas tais como peso, altura, circunfer\u00eancia de cintura e circunfer\u00eancia de quadril, entre outras, s\u00e3o utilizadas para o diagn\u00f3stico do estado nutricional (desnutri\u00e7\u00e3o, sobrepeso e obesidade) e avalia\u00e7\u00e3o dos riscos para algumas doen\u00e7as (diabetes mellitus,&hellip; <a class=\"more-link\" href=\"https:\/\/margoweb.com.br\/drjoaoalmeida\/composicao-corporal\/\">Continuar lendo <span class=\"screen-reader-text\">Composi\u00e7\u00e3o Corporal<\/span><\/a><\/p>\n","protected":false},"author":1,"featured_media":0,"parent":0,"menu_order":0,"comment_status":"closed","ping_status":"closed","template":"elementor_header_footer","meta":{"footnotes":""},"class_list":["post-288","page","type-page","status-publish","hentry","entry"],"_links":{"self":[{"href":"https:\/\/margoweb.com.br\/drjoaoalmeida\/wp-json\/wp\/v2\/pages\/288","targetHints":{"allow":["GET"]}}],"collection":[{"href":"https:\/\/margoweb.com.br\/drjoaoalmeida\/wp-json\/wp\/v2\/pages"}],"about":[{"href":"https:\/\/margoweb.com.br\/drjoaoalmeida\/wp-json\/wp\/v2\/types\/page"}],"author":[{"embeddable":true,"href":"https:\/\/margoweb.com.br\/drjoaoalmeida\/wp-json\/wp\/v2\/users\/1"}],"replies":[{"embeddable":true,"href":"https:\/\/margoweb.com.br\/drjoaoalmeida\/wp-json\/wp\/v2\/comments?post=288"}],"version-history":[{"count":7,"href":"https:\/\/margoweb.com.br\/drjoaoalmeida\/wp-json\/wp\/v2\/pages\/288\/revisions"}],"predecessor-version":[{"id":312,"href":"https:\/\/margoweb.com.br\/drjoaoalmeida\/wp-json\/wp\/v2\/pages\/288\/revisions\/312"}],"wp:attachment":[{"href":"https:\/\/margoweb.com.br\/drjoaoalmeida\/wp-json\/wp\/v2\/media?parent=288"}],"curies":[{"name":"wp","href":"https:\/\/api.w.org\/{rel}","templated":true}]}}