{"id":25,"date":"2021-05-07T15:27:00","date_gmt":"2021-05-07T18:27:00","guid":{"rendered":"https:\/\/drjoaoalmeida.com\/?page_id=25"},"modified":"2021-06-09T19:21:31","modified_gmt":"2021-06-09T22:21:31","slug":"tratamentos","status":"publish","type":"page","link":"https:\/\/margoweb.com.br\/drjoaoalmeida\/tratamentos\/","title":{"rendered":"Tratamentos"},"content":{"rendered":"\t\t<div data-elementor-type=\"wp-page\" data-elementor-id=\"25\" class=\"elementor elementor-25\" data-elementor-settings=\"[]\">\n\t\t\t\t\t\t\t<div class=\"elementor-section-wrap\">\n\t\t\t\t\t\t\t<section class=\"elementor-section elementor-top-section elementor-element elementor-element-93da67c elementor-section-full_width elementor-section-height-min-height elementor-section-height-default elementor-section-items-middle\" data-id=\"93da67c\" data-element_type=\"section\" data-settings=\"{&quot;background_background&quot;:&quot;classic&quot;}\">\n\t\t\t\t\t\t<div class=\"elementor-container elementor-column-gap-default\">\n\t\t\t\t\t<div class=\"elementor-column elementor-col-100 elementor-top-column elementor-element elementor-element-86abdb2\" data-id=\"86abdb2\" data-element_type=\"column\">\n\t\t\t<div class=\"elementor-widget-wrap elementor-element-populated\">\n\t\t\t\t\t\t\t\t<div class=\"elementor-element elementor-element-2300d4c elementor-widget elementor-widget-heading\" data-id=\"2300d4c\" data-element_type=\"widget\" data-widget_type=\"heading.default\">\n\t\t\t\t<div class=\"elementor-widget-container\">\n\t\t\t<h2 class=\"elementor-heading-title elementor-size-default\">Tratamentos<\/h2>\t\t<\/div>\n\t\t\t\t<\/div>\n\t\t\t\t\t<\/div>\n\t\t<\/div>\n\t\t\t\t\t\t\t<\/div>\n\t\t<\/section>\n\t\t\t\t<section class=\"elementor-section elementor-top-section elementor-element elementor-element-af0b3ba elementor-section-boxed elementor-section-height-default elementor-section-height-default\" data-id=\"af0b3ba\" data-element_type=\"section\">\n\t\t\t\t\t\t<div class=\"elementor-container elementor-column-gap-default\">\n\t\t\t\t\t<div class=\"elementor-column elementor-col-20 elementor-top-column elementor-element elementor-element-3e58d40\" data-id=\"3e58d40\" data-element_type=\"column\">\n\t\t\t<div class=\"elementor-widget-wrap elementor-element-populated\">\n\t\t\t\t\t\t\t\t<div class=\"elementor-element elementor-element-4527d4e elementor-widget elementor-widget-image\" data-id=\"4527d4e\" data-element_type=\"widget\" data-widget_type=\"image.default\">\n\t\t\t\t<div class=\"elementor-widget-container\">\n\t\t\t\t\t\t\t\t\t\t\t\t\t\t\t\t<a href=\"https:\/\/margoweb.com.br\/drjoaoalmeida\/composicao-corporal\/\">\n\t\t\t\t\t\t\t<img loading=\"lazy\" decoding=\"async\" width=\"750\" height=\"499\" src=\"https:\/\/margoweb.com.br\/drjoaoalmeida\/wp-content\/uploads\/2021\/05\/img-bioimpedanciometria-composicao-corporal.jpg\" class=\"attachment-large size-large\" alt=\"\" srcset=\"https:\/\/margoweb.com.br\/drjoaoalmeida\/wp-content\/uploads\/2021\/05\/img-bioimpedanciometria-composicao-corporal.jpg 800w, https:\/\/margoweb.com.br\/drjoaoalmeida\/wp-content\/uploads\/2021\/05\/img-bioimpedanciometria-composicao-corporal-300x200.jpg 300w, https:\/\/margoweb.com.br\/drjoaoalmeida\/wp-content\/uploads\/2021\/05\/img-bioimpedanciometria-composicao-corporal-768x511.jpg 768w\" sizes=\"auto, (max-width: 750px) 100vw, 750px\" style=\"width:100%;height:66.5%;max-width:800px;\" \/>\t\t\t\t\t\t\t\t<\/a>\n\t\t\t\t\t\t\t\t\t\t\t\t\t\t\t<\/div>\n\t\t\t\t<\/div>\n\t\t\t\t<div class=\"elementor-element elementor-element-4782758 elementor-widget elementor-widget-heading\" data-id=\"4782758\" data-element_type=\"widget\" data-widget_type=\"heading.default\">\n\t\t\t\t<div class=\"elementor-widget-container\">\n\t\t\t<h2 class=\"elementor-heading-title elementor-size-default\"><a href=\"https:\/\/margoweb.com.br\/drjoaoalmeida\/composicao-corporal\/\">Composi\u00e7\u00e3o Corporal<\/a><\/h2>\t\t<\/div>\n\t\t\t\t<\/div>\n\t\t\t\t\t<\/div>\n\t\t<\/div>\n\t\t\t\t<div class=\"elementor-column elementor-col-20 elementor-top-column elementor-element elementor-element-83e6ac2\" data-id=\"83e6ac2\" data-element_type=\"column\">\n\t\t\t<div class=\"elementor-widget-wrap elementor-element-populated\">\n\t\t\t\t\t\t\t\t<div class=\"elementor-element elementor-element-c562c46 elementor-widget elementor-widget-image\" data-id=\"c562c46\" data-element_type=\"widget\" data-widget_type=\"image.default\">\n\t\t\t\t<div class=\"elementor-widget-container\">\n\t\t\t\t\t\t\t\t\t\t\t\t\t\t\t\t<a href=\"https:\/\/margoweb.com.br\/drjoaoalmeida\/teste-ergometrico\/\">\n\t\t\t\t\t\t\t<img loading=\"lazy\" decoding=\"async\" width=\"750\" height=\"499\" src=\"https:\/\/margoweb.com.br\/drjoaoalmeida\/wp-content\/uploads\/2021\/05\/img-medicina-esportiva.jpg\" class=\"attachment-large size-large\" alt=\"\" srcset=\"https:\/\/margoweb.com.br\/drjoaoalmeida\/wp-content\/uploads\/2021\/05\/img-medicina-esportiva.jpg 800w, https:\/\/margoweb.com.br\/drjoaoalmeida\/wp-content\/uploads\/2021\/05\/img-medicina-esportiva-300x200.jpg 300w, https:\/\/margoweb.com.br\/drjoaoalmeida\/wp-content\/uploads\/2021\/05\/img-medicina-esportiva-768x511.jpg 768w\" sizes=\"auto, (max-width: 750px) 100vw, 750px\" style=\"width:100%;height:66.5%;max-width:800px;\" \/>\t\t\t\t\t\t\t\t<\/a>\n\t\t\t\t\t\t\t\t\t\t\t\t\t\t\t<\/div>\n\t\t\t\t<\/div>\n\t\t\t\t<div class=\"elementor-element elementor-element-3947bb0 elementor-widget elementor-widget-heading\" data-id=\"3947bb0\" data-element_type=\"widget\" data-widget_type=\"heading.default\">\n\t\t\t\t<div class=\"elementor-widget-container\">\n\t\t\t<h2 class=\"elementor-heading-title elementor-size-default\"><a href=\"https:\/\/margoweb.com.br\/drjoaoalmeida\/teste-ergometrico\/\">Teste Ergom\u00e9trico<\/a><\/h2>\t\t<\/div>\n\t\t\t\t<\/div>\n\t\t\t\t\t<\/div>\n\t\t<\/div>\n\t\t\t\t<div class=\"elementor-column elementor-col-20 elementor-top-column elementor-element elementor-element-c85d1ae\" data-id=\"c85d1ae\" data-element_type=\"column\">\n\t\t\t<div class=\"elementor-widget-wrap elementor-element-populated\">\n\t\t\t\t\t\t\t\t<div class=\"elementor-element elementor-element-898686d elementor-widget elementor-widget-image\" data-id=\"898686d\" data-element_type=\"widget\" data-widget_type=\"image.default\">\n\t\t\t\t<div class=\"elementor-widget-container\">\n\t\t\t\t\t\t\t\t\t\t\t\t\t\t\t\t<a href=\"https:\/\/margoweb.com.br\/drjoaoalmeida\/fisiatria\/\">\n\t\t\t\t\t\t\t<img loading=\"lazy\" decoding=\"async\" width=\"750\" height=\"499\" src=\"https:\/\/margoweb.com.br\/drjoaoalmeida\/wp-content\/uploads\/2021\/05\/img-fisiatria.jpg\" class=\"attachment-large size-large\" alt=\"\" srcset=\"https:\/\/margoweb.com.br\/drjoaoalmeida\/wp-content\/uploads\/2021\/05\/img-fisiatria.jpg 800w, https:\/\/margoweb.com.br\/drjoaoalmeida\/wp-content\/uploads\/2021\/05\/img-fisiatria-300x200.jpg 300w, https:\/\/margoweb.com.br\/drjoaoalmeida\/wp-content\/uploads\/2021\/05\/img-fisiatria-768x511.jpg 768w\" sizes=\"auto, (max-width: 750px) 100vw, 750px\" style=\"width:100%;height:66.5%;max-width:800px;\" \/>\t\t\t\t\t\t\t\t<\/a>\n\t\t\t\t\t\t\t\t\t\t\t\t\t\t\t<\/div>\n\t\t\t\t<\/div>\n\t\t\t\t<div class=\"elementor-element elementor-element-143640b elementor-widget elementor-widget-heading\" data-id=\"143640b\" data-element_type=\"widget\" data-widget_type=\"heading.default\">\n\t\t\t\t<div class=\"elementor-widget-container\">\n\t\t\t<h2 class=\"elementor-heading-title elementor-size-default\"><a href=\"https:\/\/margoweb.com.br\/drjoaoalmeida\/fisiatria\/\">Fisiatria<\/a><\/h2>\t\t<\/div>\n\t\t\t\t<\/div>\n\t\t\t\t\t<\/div>\n\t\t<\/div>\n\t\t\t\t<div class=\"elementor-column elementor-col-20 elementor-top-column elementor-element elementor-element-d0d9cf3\" data-id=\"d0d9cf3\" data-element_type=\"column\">\n\t\t\t<div class=\"elementor-widget-wrap elementor-element-populated\">\n\t\t\t\t\t\t\t\t<div class=\"elementor-element elementor-element-94d9c2b elementor-widget elementor-widget-image\" data-id=\"94d9c2b\" data-element_type=\"widget\" data-widget_type=\"image.default\">\n\t\t\t\t<div class=\"elementor-widget-container\">\n\t\t\t\t\t\t\t\t\t\t\t\t\t\t\t\t<a href=\"https:\/\/margoweb.com.br\/drjoaoalmeida\/infiltracoes-e-bloqueios\/\">\n\t\t\t\t\t\t\t<img loading=\"lazy\" decoding=\"async\" width=\"750\" height=\"499\" src=\"https:\/\/margoweb.com.br\/drjoaoalmeida\/wp-content\/uploads\/2021\/05\/imagens-tartamento-infiltracoes-bloqueios-1024x681.jpg\" class=\"attachment-large size-large\" alt=\"\" srcset=\"https:\/\/margoweb.com.br\/drjoaoalmeida\/wp-content\/uploads\/2021\/05\/imagens-tartamento-infiltracoes-bloqueios-1024x681.jpg 1024w, https:\/\/margoweb.com.br\/drjoaoalmeida\/wp-content\/uploads\/2021\/05\/imagens-tartamento-infiltracoes-bloqueios-300x199.jpg 300w, https:\/\/margoweb.com.br\/drjoaoalmeida\/wp-content\/uploads\/2021\/05\/imagens-tartamento-infiltracoes-bloqueios-768x510.jpg 768w, https:\/\/margoweb.com.br\/drjoaoalmeida\/wp-content\/uploads\/2021\/05\/imagens-tartamento-infiltracoes-bloqueios.jpg 1500w\" sizes=\"auto, (max-width: 750px) 100vw, 750px\" style=\"width:100%;height:66.47%;max-width:1500px;\" \/>\t\t\t\t\t\t\t\t<\/a>\n\t\t\t\t\t\t\t\t\t\t\t\t\t\t\t<\/div>\n\t\t\t\t<\/div>\n\t\t\t\t<div class=\"elementor-element elementor-element-e708d7e elementor-widget elementor-widget-heading\" data-id=\"e708d7e\" data-element_type=\"widget\" data-widget_type=\"heading.default\">\n\t\t\t\t<div class=\"elementor-widget-container\">\n\t\t\t<h2 class=\"elementor-heading-title elementor-size-default\"><a href=\"https:\/\/margoweb.com.br\/drjoaoalmeida\/infiltracoes-e-bloqueios\/\">Infiltra\u00e7\u00f5es e Bloqueios<\/a><\/h2>\t\t<\/div>\n\t\t\t\t<\/div>\n\t\t\t\t\t<\/div>\n\t\t<\/div>\n\t\t\t\t<div class=\"elementor-column elementor-col-20 elementor-top-column elementor-element elementor-element-46372ab\" data-id=\"46372ab\" data-element_type=\"column\">\n\t\t\t<div class=\"elementor-widget-wrap elementor-element-populated\">\n\t\t\t\t\t\t\t\t<div class=\"elementor-element elementor-element-86d9250 elementor-widget elementor-widget-image\" data-id=\"86d9250\" data-element_type=\"widget\" data-widget_type=\"image.default\">\n\t\t\t\t<div class=\"elementor-widget-container\">\n\t\t\t\t\t\t\t\t\t\t\t\t\t\t\t\t<a href=\"https:\/\/margoweb.com.br\/drjoaoalmeida\/medicina-esportiva\/\">\n\t\t\t\t\t\t\t<img loading=\"lazy\" decoding=\"async\" width=\"750\" height=\"499\" src=\"https:\/\/margoweb.com.br\/drjoaoalmeida\/wp-content\/uploads\/2021\/05\/img-toxina-botulinica2.jpg\" class=\"attachment-large size-large\" alt=\"\" srcset=\"https:\/\/margoweb.com.br\/drjoaoalmeida\/wp-content\/uploads\/2021\/05\/img-toxina-botulinica2.jpg 800w, https:\/\/margoweb.com.br\/drjoaoalmeida\/wp-content\/uploads\/2021\/05\/img-toxina-botulinica2-300x200.jpg 300w, https:\/\/margoweb.com.br\/drjoaoalmeida\/wp-content\/uploads\/2021\/05\/img-toxina-botulinica2-768x511.jpg 768w\" sizes=\"auto, (max-width: 750px) 100vw, 750px\" style=\"width:100%;height:66.5%;max-width:800px;\" \/>\t\t\t\t\t\t\t\t<\/a>\n\t\t\t\t\t\t\t\t\t\t\t\t\t\t\t<\/div>\n\t\t\t\t<\/div>\n\t\t\t\t<div class=\"elementor-element elementor-element-c858a84 elementor-widget elementor-widget-heading\" data-id=\"c858a84\" data-element_type=\"widget\" data-widget_type=\"heading.default\">\n\t\t\t\t<div class=\"elementor-widget-container\">\n\t\t\t<h2 class=\"elementor-heading-title elementor-size-default\"><a href=\"https:\/\/margoweb.com.br\/drjoaoalmeida\/medicina-esportiva\/\">Medicina Esportiva<\/a><\/h2>\t\t<\/div>\n\t\t\t\t<\/div>\n\t\t\t\t\t<\/div>\n\t\t<\/div>\n\t\t\t\t\t\t\t<\/div>\n\t\t<\/section>\n\t\t\t\t<section class=\"elementor-section elementor-top-section elementor-element elementor-element-ca3aa8f elementor-section-boxed elementor-section-height-default elementor-section-height-default\" data-id=\"ca3aa8f\" data-element_type=\"section\">\n\t\t\t\t\t\t<div class=\"elementor-container elementor-column-gap-default\">\n\t\t\t\t\t<div class=\"elementor-column elementor-col-20 elementor-top-column elementor-element elementor-element-b925e5a\" data-id=\"b925e5a\" data-element_type=\"column\">\n\t\t\t<div class=\"elementor-widget-wrap elementor-element-populated\">\n\t\t\t\t\t\t\t\t<div class=\"elementor-element elementor-element-502b9bb elementor-widget elementor-widget-image\" data-id=\"502b9bb\" data-element_type=\"widget\" data-widget_type=\"image.default\">\n\t\t\t\t<div class=\"elementor-widget-container\">\n\t\t\t\t\t\t\t\t\t\t\t\t\t\t\t\t<a href=\"https:\/\/margoweb.com.br\/drjoaoalmeida\/nutrologia\/\">\n\t\t\t\t\t\t\t<img loading=\"lazy\" decoding=\"async\" width=\"750\" height=\"499\" src=\"https:\/\/margoweb.com.br\/drjoaoalmeida\/wp-content\/uploads\/2021\/05\/img-nutrologia.jpg\" class=\"attachment-large size-large\" alt=\"\" srcset=\"https:\/\/margoweb.com.br\/drjoaoalmeida\/wp-content\/uploads\/2021\/05\/img-nutrologia.jpg 800w, https:\/\/margoweb.com.br\/drjoaoalmeida\/wp-content\/uploads\/2021\/05\/img-nutrologia-300x200.jpg 300w, https:\/\/margoweb.com.br\/drjoaoalmeida\/wp-content\/uploads\/2021\/05\/img-nutrologia-768x511.jpg 768w\" sizes=\"auto, (max-width: 750px) 100vw, 750px\" style=\"width:100%;height:66.5%;max-width:800px;\" \/>\t\t\t\t\t\t\t\t<\/a>\n\t\t\t\t\t\t\t\t\t\t\t\t\t\t\t<\/div>\n\t\t\t\t<\/div>\n\t\t\t\t<div class=\"elementor-element elementor-element-95112d5 elementor-widget elementor-widget-heading\" data-id=\"95112d5\" data-element_type=\"widget\" data-widget_type=\"heading.default\">\n\t\t\t\t<div class=\"elementor-widget-container\">\n\t\t\t<h2 class=\"elementor-heading-title elementor-size-default\"><a href=\"https:\/\/margoweb.com.br\/drjoaoalmeida\/nutrologia\/\">Nutrologia<\/a><\/h2>\t\t<\/div>\n\t\t\t\t<\/div>\n\t\t\t\t\t<\/div>\n\t\t<\/div>\n\t\t\t\t<div class=\"elementor-column elementor-col-20 elementor-top-column elementor-element elementor-element-81452de\" data-id=\"81452de\" data-element_type=\"column\">\n\t\t\t<div class=\"elementor-widget-wrap elementor-element-populated\">\n\t\t\t\t\t\t\t\t<div class=\"elementor-element elementor-element-438b4f9 elementor-widget elementor-widget-image\" data-id=\"438b4f9\" data-element_type=\"widget\" data-widget_type=\"image.default\">\n\t\t\t\t<div class=\"elementor-widget-container\">\n\t\t\t\t\t\t\t\t\t\t\t\t\t\t\t\t<a href=\"https:\/\/margoweb.com.br\/drjoaoalmeida\/sports-check-up\/\">\n\t\t\t\t\t\t\t<img loading=\"lazy\" decoding=\"async\" width=\"750\" height=\"499\" src=\"https:\/\/margoweb.com.br\/drjoaoalmeida\/wp-content\/uploads\/2021\/05\/img-sports-checkup-e1490099973795.jpg\" class=\"attachment-large size-large\" alt=\"\" srcset=\"https:\/\/margoweb.com.br\/drjoaoalmeida\/wp-content\/uploads\/2021\/05\/img-sports-checkup-e1490099973795.jpg 800w, https:\/\/margoweb.com.br\/drjoaoalmeida\/wp-content\/uploads\/2021\/05\/img-sports-checkup-e1490099973795-300x200.jpg 300w, https:\/\/margoweb.com.br\/drjoaoalmeida\/wp-content\/uploads\/2021\/05\/img-sports-checkup-e1490099973795-768x511.jpg 768w\" sizes=\"auto, (max-width: 750px) 100vw, 750px\" style=\"width:100%;height:66.5%;max-width:800px;\" \/>\t\t\t\t\t\t\t\t<\/a>\n\t\t\t\t\t\t\t\t\t\t\t\t\t\t\t<\/div>\n\t\t\t\t<\/div>\n\t\t\t\t<div class=\"elementor-element elementor-element-3a5d4e3 elementor-widget elementor-widget-heading\" data-id=\"3a5d4e3\" data-element_type=\"widget\" data-widget_type=\"heading.default\">\n\t\t\t\t<div class=\"elementor-widget-container\">\n\t\t\t<h2 class=\"elementor-heading-title elementor-size-default\"><a href=\"https:\/\/margoweb.com.br\/drjoaoalmeida\/sports-check-up\/\">Sports Check up<\/a><\/h2>\t\t<\/div>\n\t\t\t\t<\/div>\n\t\t\t\t\t<\/div>\n\t\t<\/div>\n\t\t\t\t<div class=\"elementor-column elementor-col-20 elementor-top-column elementor-element elementor-element-7c62ee8\" data-id=\"7c62ee8\" data-element_type=\"column\">\n\t\t\t<div class=\"elementor-widget-wrap elementor-element-populated\">\n\t\t\t\t\t\t\t\t<div class=\"elementor-element elementor-element-e837663 elementor-widget elementor-widget-image\" data-id=\"e837663\" data-element_type=\"widget\" data-widget_type=\"image.default\">\n\t\t\t\t<div class=\"elementor-widget-container\">\n\t\t\t\t\t\t\t\t\t\t\t\t\t\t\t\t<a href=\"https:\/\/margoweb.com.br\/drjoaoalmeida\/suplementacao\/\">\n\t\t\t\t\t\t\t<img loading=\"lazy\" decoding=\"async\" width=\"750\" height=\"499\" src=\"https:\/\/margoweb.com.br\/drjoaoalmeida\/wp-content\/uploads\/2021\/05\/img-suplementacao-e1490099957999.jpg\" class=\"attachment-large size-large\" alt=\"\" srcset=\"https:\/\/margoweb.com.br\/drjoaoalmeida\/wp-content\/uploads\/2021\/05\/img-suplementacao-e1490099957999.jpg 800w, https:\/\/margoweb.com.br\/drjoaoalmeida\/wp-content\/uploads\/2021\/05\/img-suplementacao-e1490099957999-300x200.jpg 300w, https:\/\/margoweb.com.br\/drjoaoalmeida\/wp-content\/uploads\/2021\/05\/img-suplementacao-e1490099957999-768x511.jpg 768w\" sizes=\"auto, (max-width: 750px) 100vw, 750px\" style=\"width:100%;height:66.5%;max-width:800px;\" \/>\t\t\t\t\t\t\t\t<\/a>\n\t\t\t\t\t\t\t\t\t\t\t\t\t\t\t<\/div>\n\t\t\t\t<\/div>\n\t\t\t\t<div class=\"elementor-element elementor-element-8c3f5b7 elementor-widget elementor-widget-heading\" data-id=\"8c3f5b7\" data-element_type=\"widget\" data-widget_type=\"heading.default\">\n\t\t\t\t<div class=\"elementor-widget-container\">\n\t\t\t<h2 class=\"elementor-heading-title elementor-size-default\"><a href=\"https:\/\/margoweb.com.br\/drjoaoalmeida\/suplementacao\/\">Suplementa\u00e7\u00e3o<\/a><\/h2>\t\t<\/div>\n\t\t\t\t<\/div>\n\t\t\t\t\t<\/div>\n\t\t<\/div>\n\t\t\t\t<div class=\"elementor-column elementor-col-20 elementor-top-column elementor-element elementor-element-0b1b3be\" data-id=\"0b1b3be\" data-element_type=\"column\">\n\t\t\t<div class=\"elementor-widget-wrap elementor-element-populated\">\n\t\t\t\t\t\t\t\t<div class=\"elementor-element elementor-element-b95df8b elementor-widget elementor-widget-image\" data-id=\"b95df8b\" data-element_type=\"widget\" data-widget_type=\"image.default\">\n\t\t\t\t<div class=\"elementor-widget-container\">\n\t\t\t\t\t\t\t\t\t\t\t\t\t\t\t\t<a href=\"https:\/\/margoweb.com.br\/drjoaoalmeida\/mesoterapia\/\">\n\t\t\t\t\t\t\t<img loading=\"lazy\" decoding=\"async\" width=\"750\" height=\"499\" src=\"https:\/\/margoweb.com.br\/drjoaoalmeida\/wp-content\/uploads\/2021\/05\/img-mesoterapia-e1490099921732.jpg\" class=\"attachment-large size-large\" alt=\"\" srcset=\"https:\/\/margoweb.com.br\/drjoaoalmeida\/wp-content\/uploads\/2021\/05\/img-mesoterapia-e1490099921732.jpg 800w, https:\/\/margoweb.com.br\/drjoaoalmeida\/wp-content\/uploads\/2021\/05\/img-mesoterapia-e1490099921732-300x200.jpg 300w, https:\/\/margoweb.com.br\/drjoaoalmeida\/wp-content\/uploads\/2021\/05\/img-mesoterapia-e1490099921732-768x511.jpg 768w\" sizes=\"auto, (max-width: 750px) 100vw, 750px\" style=\"width:100%;height:66.5%;max-width:800px;\" \/>\t\t\t\t\t\t\t\t<\/a>\n\t\t\t\t\t\t\t\t\t\t\t\t\t\t\t<\/div>\n\t\t\t\t<\/div>\n\t\t\t\t<div class=\"elementor-element elementor-element-b65d0bc elementor-widget elementor-widget-heading\" data-id=\"b65d0bc\" data-element_type=\"widget\" data-widget_type=\"heading.default\">\n\t\t\t\t<div class=\"elementor-widget-container\">\n\t\t\t<h2 class=\"elementor-heading-title elementor-size-default\"><a href=\"https:\/\/margoweb.com.br\/drjoaoalmeida\/mesoterapia\/\">Mesoterapia<\/a><\/h2>\t\t<\/div>\n\t\t\t\t<\/div>\n\t\t\t\t\t<\/div>\n\t\t<\/div>\n\t\t\t\t<div class=\"elementor-column elementor-col-20 elementor-top-column elementor-element elementor-element-813403e\" data-id=\"813403e\" data-element_type=\"column\">\n\t\t\t<div class=\"elementor-widget-wrap elementor-element-populated\">\n\t\t\t\t\t\t\t\t<div class=\"elementor-element elementor-element-62f9a6d elementor-widget elementor-widget-image\" data-id=\"62f9a6d\" data-element_type=\"widget\" data-widget_type=\"image.default\">\n\t\t\t\t<div class=\"elementor-widget-container\">\n\t\t\t\t\t\t\t\t\t\t\t\t\t\t\t\t<a href=\"https:\/\/margoweb.com.br\/drjoaoalmeida\/toxina-botulinica-terapeutica\/\">\n\t\t\t\t\t\t\t<img loading=\"lazy\" decoding=\"async\" width=\"750\" height=\"499\" src=\"https:\/\/margoweb.com.br\/drjoaoalmeida\/wp-content\/uploads\/2021\/05\/imagens-tartamento-botulinica-1024x681.jpg\" class=\"attachment-large size-large\" alt=\"\" srcset=\"https:\/\/margoweb.com.br\/drjoaoalmeida\/wp-content\/uploads\/2021\/05\/imagens-tartamento-botulinica-1024x681.jpg 1024w, https:\/\/margoweb.com.br\/drjoaoalmeida\/wp-content\/uploads\/2021\/05\/imagens-tartamento-botulinica-300x199.jpg 300w, https:\/\/margoweb.com.br\/drjoaoalmeida\/wp-content\/uploads\/2021\/05\/imagens-tartamento-botulinica-768x510.jpg 768w, https:\/\/margoweb.com.br\/drjoaoalmeida\/wp-content\/uploads\/2021\/05\/imagens-tartamento-botulinica.jpg 1500w\" sizes=\"auto, (max-width: 750px) 100vw, 750px\" style=\"width:100%;height:66.47%;max-width:1500px;\" \/>\t\t\t\t\t\t\t\t<\/a>\n\t\t\t\t\t\t\t\t\t\t\t\t\t\t\t<\/div>\n\t\t\t\t<\/div>\n\t\t\t\t<div class=\"elementor-element elementor-element-2ce6f2b elementor-widget elementor-widget-heading\" data-id=\"2ce6f2b\" data-element_type=\"widget\" data-widget_type=\"heading.default\">\n\t\t\t\t<div class=\"elementor-widget-container\">\n\t\t\t<h2 class=\"elementor-heading-title elementor-size-default\"><a href=\"https:\/\/margoweb.com.br\/drjoaoalmeida\/toxina-botulinica-terapeutica\/\">Toxina Botul\u00ednica Terap\u00eautica<\/a><\/h2>\t\t<\/div>\n\t\t\t\t<\/div>\n\t\t\t\t\t<\/div>\n\t\t<\/div>\n\t\t\t\t\t\t\t<\/div>\n\t\t<\/section>\n\t\t\t\t\t\t<\/div>\n\t\t\t\t\t<\/div>\n\t\t","protected":false},"excerpt":{"rendered":"<p>Tratamentos Composi\u00e7\u00e3o Corporal Teste Ergom\u00e9trico Fisiatria Infiltra\u00e7\u00f5es e Bloqueios Medicina Esportiva Nutrologia Sports Check up Suplementa\u00e7\u00e3o Mesoterapia Toxina Botul\u00ednica Terap\u00eautica<\/p>\n","protected":false},"author":1,"featured_media":0,"parent":0,"menu_order":0,"comment_status":"closed","ping_status":"closed","template":"elementor_header_footer","meta":{"footnotes":""},"class_list":["post-25","page","type-page","status-publish","hentry","entry"],"_links":{"self":[{"href":"https:\/\/margoweb.com.br\/drjoaoalmeida\/wp-json\/wp\/v2\/pages\/25","targetHints":{"allow":["GET"]}}],"collection":[{"href":"https:\/\/margoweb.com.br\/drjoaoalmeida\/wp-json\/wp\/v2\/pages"}],"about":[{"href":"https:\/\/margoweb.com.br\/drjoaoalmeida\/wp-json\/wp\/v2\/types\/page"}],"author":[{"embeddable":true,"href":"https:\/\/margoweb.com.br\/drjoaoalmeida\/wp-json\/wp\/v2\/users\/1"}],"replies":[{"embeddable":true,"href":"https:\/\/margoweb.com.br\/drjoaoalmeida\/wp-json\/wp\/v2\/comments?post=25"}],"version-history":[{"count":25,"href":"https:\/\/margoweb.com.br\/drjoaoalmeida\/wp-json\/wp\/v2\/pages\/25\/revisions"}],"predecessor-version":[{"id":362,"href":"https:\/\/margoweb.com.br\/drjoaoalmeida\/wp-json\/wp\/v2\/pages\/25\/revisions\/362"}],"wp:attachment":[{"href":"https:\/\/margoweb.com.br\/drjoaoalmeida\/wp-json\/wp\/v2\/media?parent=25"}],"curies":[{"name":"wp","href":"https:\/\/api.w.org\/{rel}","templated":true}]}}