{"id":23,"date":"2021-05-07T15:26:40","date_gmt":"2021-05-07T18:26:40","guid":{"rendered":"https:\/\/drjoaoalmeida.com\/?page_id=23"},"modified":"2021-05-09T17:29:55","modified_gmt":"2021-05-09T20:29:55","slug":"consultorio","status":"publish","type":"page","link":"https:\/\/margoweb.com.br\/drjoaoalmeida\/consultorio\/","title":{"rendered":"Consult\u00f3rio"},"content":{"rendered":"\t\t<div data-elementor-type=\"wp-page\" data-elementor-id=\"23\" class=\"elementor elementor-23\" data-elementor-settings=\"[]\">\n\t\t\t\t\t\t\t<div class=\"elementor-section-wrap\">\n\t\t\t\t\t\t\t<section class=\"elementor-section elementor-top-section elementor-element elementor-element-431ea77 elementor-section-full_width elementor-section-height-min-height elementor-section-height-default elementor-section-items-middle\" data-id=\"431ea77\" data-element_type=\"section\" data-settings=\"{&quot;background_background&quot;:&quot;classic&quot;}\">\n\t\t\t\t\t\t<div class=\"elementor-container elementor-column-gap-default\">\n\t\t\t\t\t<div class=\"elementor-column elementor-col-100 elementor-top-column elementor-element elementor-element-c4ac250\" data-id=\"c4ac250\" data-element_type=\"column\">\n\t\t\t<div class=\"elementor-widget-wrap elementor-element-populated\">\n\t\t\t\t\t\t\t\t<div class=\"elementor-element elementor-element-59b54b7 elementor-widget elementor-widget-heading\" data-id=\"59b54b7\" data-element_type=\"widget\" data-widget_type=\"heading.default\">\n\t\t\t\t<div class=\"elementor-widget-container\">\n\t\t\t<h2 class=\"elementor-heading-title elementor-size-default\">Consult\u00f3rio<\/h2>\t\t<\/div>\n\t\t\t\t<\/div>\n\t\t\t\t\t<\/div>\n\t\t<\/div>\n\t\t\t\t\t\t\t<\/div>\n\t\t<\/section>\n\t\t\t\t<section class=\"elementor-section elementor-top-section elementor-element elementor-element-c88f809 elementor-section-full_width elementor-section-height-default elementor-section-height-default\" data-id=\"c88f809\" data-element_type=\"section\">\n\t\t\t\t\t\t<div class=\"elementor-container elementor-column-gap-default\">\n\t\t\t\t\t<div class=\"elementor-column elementor-col-50 elementor-top-column elementor-element elementor-element-b9c8796\" data-id=\"b9c8796\" data-element_type=\"column\">\n\t\t\t<div class=\"elementor-widget-wrap elementor-element-populated\">\n\t\t\t\t\t\t\t\t<div class=\"elementor-element elementor-element-0db5400 elementor-widget elementor-widget-image\" data-id=\"0db5400\" data-element_type=\"widget\" data-widget_type=\"image.default\">\n\t\t\t\t<div class=\"elementor-widget-container\">\n\t\t\t\t\t\t\t\t\t\t\t\t\t\t\t<img loading=\"lazy\" decoding=\"async\" width=\"650\" height=\"662\" src=\"https:\/\/margoweb.com.br\/drjoaoalmeida\/wp-content\/uploads\/2021\/05\/img-drjoaoalmeida-perfil3-2.jpg\" class=\"attachment-large size-large\" alt=\"\" srcset=\"https:\/\/margoweb.com.br\/drjoaoalmeida\/wp-content\/uploads\/2021\/05\/img-drjoaoalmeida-perfil3-2.jpg 650w, https:\/\/margoweb.com.br\/drjoaoalmeida\/wp-content\/uploads\/2021\/05\/img-drjoaoalmeida-perfil3-2-295x300.jpg 295w\" sizes=\"auto, (max-width: 650px) 100vw, 650px\" style=\"width:100%;height:101.85%;max-width:650px;\" \/>\t\t\t\t\t\t\t\t\t\t\t\t\t\t\t<\/div>\n\t\t\t\t<\/div>\n\t\t\t\t\t<\/div>\n\t\t<\/div>\n\t\t\t\t<div class=\"elementor-column elementor-col-50 elementor-top-column elementor-element elementor-element-b5c88b8\" data-id=\"b5c88b8\" data-element_type=\"column\">\n\t\t\t<div class=\"elementor-widget-wrap elementor-element-populated\">\n\t\t\t\t\t\t\t\t<div class=\"elementor-element elementor-element-ca78df3 elementor-widget elementor-widget-text-editor\" data-id=\"ca78df3\" data-element_type=\"widget\" data-widget_type=\"text-editor.default\">\n\t\t\t\t<div class=\"elementor-widget-container\">\n\t\t\t\t\t\t\t\t<div class=\"wpb_text_column wpb_content_element \">\n<div class=\"wpb_wrapper\">\n<h4><strong><span style=\"color: #000000;\">Sobre o Consult\u00f3rio<\/span><\/strong><\/h4>\n<\/div>\n<\/div>\n<div><\/div>\n<div class=\"wpb_text_column wpb_content_element \">\n<div class=\"wpb_wrapper\">\n<div><span style=\"color: #949494; font-size: 15px; font-weight: 300;\">No consult\u00f3rio \u00e9 praticado uma medicina que vai al\u00e9m do tradicional conceito curativo, o paciente deve estar no centro do cuidado e assim a \u201ccura\u201d acaba n\u00e3o sendo s\u00f3 a aus\u00eancia de doen\u00e7as, mas sim o reestabelecimento do bem-estar completo do paciente.<\/span><\/div>\n<div><span style=\"color: #949494; font-size: 15px; font-weight: 300;\">O trabalho conjunto m\u00e9dico-paciente promove uma forte rela\u00e7\u00e3o que resulta em escolhas terap\u00eauticas personalizadas e eficazes. Aliando medicina tradicional, tratamentos complementares e aten\u00e7\u00e3o diferenciada, alcan\u00e7amos o tratamento integral e multidisciplinar necess\u00e1rio a conquista e manuten\u00e7\u00e3o do seu verdadeiro estado de sa\u00fade.<\/span><\/div>\n<div><span style=\"color: #949494; font-size: 15px; font-weight: 300;\">O consult\u00f3rio \u00e9 localizado dentro da academia Alive Sports Club, um complexo esportivo conhecido como o \u201cTemplo do movimento\u201d, onde o mesmo \u00e9 valorizado da inf\u00e2ncia a senesc\u00eancia. A Alive tamb\u00e9m tem por objetivo \u201cconstruir sa\u00fade\u201d e oferece servi\u00e7os singulares, com metodologia robusta e embasada para atingir o objetivo de seus alunos.<\/span><\/div>\n<div><span style=\"color: #949494; font-size: 15px; font-weight: 300;\">O consult\u00f3rio foi pensado desde o in\u00edcio a estar integrado nesse projeto, favorecendo um acompanhamento direto do paciente, sejam eles reabilitacionais ou de performance. Na Alive o paciente conta com uma estrutura completa para recebe-lo da melhor forma poss\u00edvel, com estacionamento, seguran\u00e7a, ambiente agrad\u00e1vel e uma recep\u00e7\u00e3o acolhedora.<\/span><\/div>\n<\/div>\n<\/div>\t\t\t\t\t\t<\/div>\n\t\t\t\t<\/div>\n\t\t\t\t\t<\/div>\n\t\t<\/div>\n\t\t\t\t\t\t\t<\/div>\n\t\t<\/section>\n\t\t\t\t<section class=\"elementor-section elementor-top-section elementor-element elementor-element-ef56938 elementor-section-boxed elementor-section-height-default elementor-section-height-default\" data-id=\"ef56938\" data-element_type=\"section\" data-settings=\"{&quot;background_background&quot;:&quot;classic&quot;}\">\n\t\t\t\t\t\t<div class=\"elementor-container elementor-column-gap-default\">\n\t\t\t\t\t<div class=\"elementor-column elementor-col-16 elementor-top-column elementor-element elementor-element-181fc1e\" data-id=\"181fc1e\" data-element_type=\"column\">\n\t\t\t<div class=\"elementor-widget-wrap elementor-element-populated\">\n\t\t\t\t\t\t\t\t<div class=\"elementor-element elementor-element-39eb574 elementor-widget elementor-widget-image\" data-id=\"39eb574\" data-element_type=\"widget\" data-widget_type=\"image.default\">\n\t\t\t\t<div class=\"elementor-widget-container\">\n\t\t\t\t\t\t\t\t\t\t\t\t\t\t\t<img loading=\"lazy\" decoding=\"async\" width=\"150\" height=\"150\" src=\"https:\/\/margoweb.com.br\/drjoaoalmeida\/wp-content\/uploads\/2021\/05\/img-1-150x150-1.jpg\" class=\"attachment-thumbnail size-thumbnail\" alt=\"\" style=\"width:100%;height:100%;max-width:150px;\" \/>\t\t\t\t\t\t\t\t\t\t\t\t\t\t\t<\/div>\n\t\t\t\t<\/div>\n\t\t\t\t\t<\/div>\n\t\t<\/div>\n\t\t\t\t<div class=\"elementor-column elementor-col-16 elementor-top-column elementor-element elementor-element-baae3c9\" data-id=\"baae3c9\" data-element_type=\"column\">\n\t\t\t<div class=\"elementor-widget-wrap elementor-element-populated\">\n\t\t\t\t\t\t\t\t<div class=\"elementor-element elementor-element-50a1cd4 elementor-widget elementor-widget-image\" data-id=\"50a1cd4\" data-element_type=\"widget\" data-widget_type=\"image.default\">\n\t\t\t\t<div class=\"elementor-widget-container\">\n\t\t\t\t\t\t\t\t\t\t\t\t\t\t\t<img loading=\"lazy\" decoding=\"async\" width=\"150\" height=\"150\" src=\"https:\/\/margoweb.com.br\/drjoaoalmeida\/wp-content\/uploads\/2021\/05\/img-faxada1-150x150-1.jpg\" class=\"attachment-thumbnail size-thumbnail\" alt=\"\" style=\"width:100%;height:100%;max-width:150px;\" \/>\t\t\t\t\t\t\t\t\t\t\t\t\t\t\t<\/div>\n\t\t\t\t<\/div>\n\t\t\t\t\t<\/div>\n\t\t<\/div>\n\t\t\t\t<div class=\"elementor-column elementor-col-16 elementor-top-column elementor-element elementor-element-1f4f657\" data-id=\"1f4f657\" data-element_type=\"column\">\n\t\t\t<div class=\"elementor-widget-wrap elementor-element-populated\">\n\t\t\t\t\t\t\t\t<div class=\"elementor-element elementor-element-c8699f9 elementor-widget elementor-widget-image\" data-id=\"c8699f9\" data-element_type=\"widget\" data-widget_type=\"image.default\">\n\t\t\t\t<div class=\"elementor-widget-container\">\n\t\t\t\t\t\t\t\t\t\t\t\t\t\t\t<img loading=\"lazy\" decoding=\"async\" width=\"150\" height=\"150\" src=\"https:\/\/margoweb.com.br\/drjoaoalmeida\/wp-content\/uploads\/2021\/05\/img-4-150x150-1.jpg\" class=\"attachment-thumbnail size-thumbnail\" alt=\"\" style=\"width:100%;height:100%;max-width:150px;\" \/>\t\t\t\t\t\t\t\t\t\t\t\t\t\t\t<\/div>\n\t\t\t\t<\/div>\n\t\t\t\t\t<\/div>\n\t\t<\/div>\n\t\t\t\t<div class=\"elementor-column elementor-col-16 elementor-top-column elementor-element elementor-element-8381be4\" data-id=\"8381be4\" data-element_type=\"column\">\n\t\t\t<div class=\"elementor-widget-wrap elementor-element-populated\">\n\t\t\t\t\t\t\t\t<div class=\"elementor-element elementor-element-b08b473 elementor-widget elementor-widget-image\" data-id=\"b08b473\" data-element_type=\"widget\" data-widget_type=\"image.default\">\n\t\t\t\t<div class=\"elementor-widget-container\">\n\t\t\t\t\t\t\t\t\t\t\t\t\t\t\t<img loading=\"lazy\" decoding=\"async\" width=\"150\" height=\"150\" src=\"https:\/\/margoweb.com.br\/drjoaoalmeida\/wp-content\/uploads\/2021\/05\/img-5-150x150-1.jpg\" class=\"attachment-thumbnail size-thumbnail\" alt=\"\" style=\"width:100%;height:100%;max-width:150px;\" \/>\t\t\t\t\t\t\t\t\t\t\t\t\t\t\t<\/div>\n\t\t\t\t<\/div>\n\t\t\t\t\t<\/div>\n\t\t<\/div>\n\t\t\t\t<div class=\"elementor-column elementor-col-16 elementor-top-column elementor-element elementor-element-c10282b\" data-id=\"c10282b\" data-element_type=\"column\">\n\t\t\t<div class=\"elementor-widget-wrap elementor-element-populated\">\n\t\t\t\t\t\t\t\t<div class=\"elementor-element elementor-element-725f178 elementor-widget elementor-widget-image\" data-id=\"725f178\" data-element_type=\"widget\" data-widget_type=\"image.default\">\n\t\t\t\t<div class=\"elementor-widget-container\">\n\t\t\t\t\t\t\t\t\t\t\t\t\t\t\t<img loading=\"lazy\" decoding=\"async\" width=\"150\" height=\"150\" src=\"https:\/\/margoweb.com.br\/drjoaoalmeida\/wp-content\/uploads\/2021\/05\/img-2-150x150-1.jpg\" class=\"attachment-thumbnail size-thumbnail\" alt=\"\" style=\"width:100%;height:100%;max-width:150px;\" \/>\t\t\t\t\t\t\t\t\t\t\t\t\t\t\t<\/div>\n\t\t\t\t<\/div>\n\t\t\t\t\t<\/div>\n\t\t<\/div>\n\t\t\t\t<div class=\"elementor-column elementor-col-16 elementor-top-column elementor-element elementor-element-30c08ee\" data-id=\"30c08ee\" data-element_type=\"column\">\n\t\t\t<div class=\"elementor-widget-wrap elementor-element-populated\">\n\t\t\t\t\t\t\t\t<div class=\"elementor-element elementor-element-de69e00 elementor-widget elementor-widget-image\" data-id=\"de69e00\" data-element_type=\"widget\" data-widget_type=\"image.default\">\n\t\t\t\t<div class=\"elementor-widget-container\">\n\t\t\t\t\t\t\t\t\t\t\t\t\t\t\t<img loading=\"lazy\" decoding=\"async\" width=\"150\" height=\"150\" src=\"https:\/\/margoweb.com.br\/drjoaoalmeida\/wp-content\/uploads\/2021\/05\/img-3-150x150-1.jpg\" class=\"attachment-thumbnail size-thumbnail\" alt=\"\" style=\"width:100%;height:100%;max-width:150px;\" \/>\t\t\t\t\t\t\t\t\t\t\t\t\t\t\t<\/div>\n\t\t\t\t<\/div>\n\t\t\t\t\t<\/div>\n\t\t<\/div>\n\t\t\t\t\t\t\t<\/div>\n\t\t<\/section>\n\t\t\t\t\t\t<\/div>\n\t\t\t\t\t<\/div>\n\t\t","protected":false},"excerpt":{"rendered":"<p>Consult\u00f3rio Sobre o Consult\u00f3rio No consult\u00f3rio \u00e9 praticado uma medicina que vai al\u00e9m do tradicional conceito curativo, o paciente deve estar no centro do cuidado e assim a \u201ccura\u201d acaba n\u00e3o sendo s\u00f3 a aus\u00eancia de doen\u00e7as, mas sim o reestabelecimento do bem-estar completo do paciente. O trabalho conjunto m\u00e9dico-paciente promove uma forte rela\u00e7\u00e3o que&hellip; <a class=\"more-link\" href=\"https:\/\/margoweb.com.br\/drjoaoalmeida\/consultorio\/\">Continuar lendo <span class=\"screen-reader-text\">Consult\u00f3rio<\/span><\/a><\/p>\n","protected":false},"author":1,"featured_media":0,"parent":0,"menu_order":0,"comment_status":"closed","ping_status":"closed","template":"elementor_header_footer","meta":{"footnotes":""},"class_list":["post-23","page","type-page","status-publish","hentry","entry"],"_links":{"self":[{"href":"https:\/\/margoweb.com.br\/drjoaoalmeida\/wp-json\/wp\/v2\/pages\/23","targetHints":{"allow":["GET"]}}],"collection":[{"href":"https:\/\/margoweb.com.br\/drjoaoalmeida\/wp-json\/wp\/v2\/pages"}],"about":[{"href":"https:\/\/margoweb.com.br\/drjoaoalmeida\/wp-json\/wp\/v2\/types\/page"}],"author":[{"embeddable":true,"href":"https:\/\/margoweb.com.br\/drjoaoalmeida\/wp-json\/wp\/v2\/users\/1"}],"replies":[{"embeddable":true,"href":"https:\/\/margoweb.com.br\/drjoaoalmeida\/wp-json\/wp\/v2\/comments?post=23"}],"version-history":[{"count":28,"href":"https:\/\/margoweb.com.br\/drjoaoalmeida\/wp-json\/wp\/v2\/pages\/23\/revisions"}],"predecessor-version":[{"id":224,"href":"https:\/\/margoweb.com.br\/drjoaoalmeida\/wp-json\/wp\/v2\/pages\/23\/revisions\/224"}],"wp:attachment":[{"href":"https:\/\/margoweb.com.br\/drjoaoalmeida\/wp-json\/wp\/v2\/media?parent=23"}],"curies":[{"name":"wp","href":"https:\/\/api.w.org\/{rel}","templated":true}]}}