{"id":21,"date":"2021-05-07T15:26:23","date_gmt":"2021-05-07T18:26:23","guid":{"rendered":"https:\/\/drjoaoalmeida.com\/?page_id=21"},"modified":"2021-05-12T14:44:06","modified_gmt":"2021-05-12T17:44:06","slug":"sobre","status":"publish","type":"page","link":"https:\/\/margoweb.com.br\/drjoaoalmeida\/sobre\/","title":{"rendered":"Sobre"},"content":{"rendered":"\t\t<div data-elementor-type=\"wp-page\" data-elementor-id=\"21\" class=\"elementor elementor-21\" data-elementor-settings=\"[]\">\n\t\t\t\t\t\t\t<div class=\"elementor-section-wrap\">\n\t\t\t\t\t\t\t<section class=\"elementor-section elementor-top-section elementor-element elementor-element-06fcc83 elementor-section-full_width elementor-section-height-min-height elementor-section-height-default elementor-section-items-middle\" data-id=\"06fcc83\" data-element_type=\"section\" data-settings=\"{&quot;background_background&quot;:&quot;classic&quot;}\">\n\t\t\t\t\t\t<div class=\"elementor-container elementor-column-gap-default\">\n\t\t\t\t\t<div class=\"elementor-column elementor-col-100 elementor-top-column elementor-element elementor-element-9aef767\" data-id=\"9aef767\" data-element_type=\"column\">\n\t\t\t<div class=\"elementor-widget-wrap elementor-element-populated\">\n\t\t\t\t\t\t\t\t<div class=\"elementor-element elementor-element-1d7f817 elementor-widget elementor-widget-heading\" data-id=\"1d7f817\" data-element_type=\"widget\" data-widget_type=\"heading.default\">\n\t\t\t\t<div class=\"elementor-widget-container\">\n\t\t\t<h2 class=\"elementor-heading-title elementor-size-default\">Sobre<\/h2>\t\t<\/div>\n\t\t\t\t<\/div>\n\t\t\t\t\t<\/div>\n\t\t<\/div>\n\t\t\t\t\t\t\t<\/div>\n\t\t<\/section>\n\t\t\t\t<section class=\"elementor-section elementor-top-section elementor-element elementor-element-04b5e7f elementor-section-full_width elementor-section-height-default elementor-section-height-default\" data-id=\"04b5e7f\" data-element_type=\"section\">\n\t\t\t\t\t\t<div class=\"elementor-container elementor-column-gap-default\">\n\t\t\t\t\t<div class=\"elementor-column elementor-col-50 elementor-top-column elementor-element elementor-element-8fc64c9\" data-id=\"8fc64c9\" data-element_type=\"column\">\n\t\t\t<div class=\"elementor-widget-wrap elementor-element-populated\">\n\t\t\t\t\t\t\t\t<div class=\"elementor-element elementor-element-185e167 elementor-widget elementor-widget-image\" data-id=\"185e167\" data-element_type=\"widget\" data-widget_type=\"image.default\">\n\t\t\t\t<div class=\"elementor-widget-container\">\n\t\t\t\t\t\t\t\t\t\t\t\t\t\t\t<img loading=\"lazy\" decoding=\"async\" width=\"650\" height=\"662\" src=\"https:\/\/margoweb.com.br\/drjoaoalmeida\/wp-content\/uploads\/2021\/05\/img-drjoaoalmeida-perfil3-2.jpg\" class=\"attachment-large size-large\" alt=\"\" srcset=\"https:\/\/margoweb.com.br\/drjoaoalmeida\/wp-content\/uploads\/2021\/05\/img-drjoaoalmeida-perfil3-2.jpg 650w, https:\/\/margoweb.com.br\/drjoaoalmeida\/wp-content\/uploads\/2021\/05\/img-drjoaoalmeida-perfil3-2-295x300.jpg 295w\" sizes=\"auto, (max-width: 650px) 100vw, 650px\" style=\"width:100%;height:101.85%;max-width:650px;\" \/>\t\t\t\t\t\t\t\t\t\t\t\t\t\t\t<\/div>\n\t\t\t\t<\/div>\n\t\t\t\t\t<\/div>\n\t\t<\/div>\n\t\t\t\t<div class=\"elementor-column elementor-col-50 elementor-top-column elementor-element elementor-element-f11a12f\" data-id=\"f11a12f\" data-element_type=\"column\">\n\t\t\t<div class=\"elementor-widget-wrap elementor-element-populated\">\n\t\t\t\t\t\t\t\t<div class=\"elementor-element elementor-element-984fcfc elementor-widget elementor-widget-text-editor\" data-id=\"984fcfc\" data-element_type=\"widget\" data-widget_type=\"text-editor.default\">\n\t\t\t\t<div class=\"elementor-widget-container\">\n\t\t\t\t\t\t\t\t<div class=\"wpb_text_column wpb_content_element \"><div class=\"wpb_wrapper\"><h3><span style=\"color: #000000;\"><strong>Dr. Jo\u00e3o Almeida<\/strong><\/span><\/h3><p>\u00a0<\/p><\/div><\/div><div class=\"wpb_text_column wpb_content_element \"><div class=\"wpb_wrapper\"><p><span style=\"color: #949494; font-size: 15px; font-weight: 300;\">Especialista em Medicina F\u00edsica e Reabilita\u00e7\u00e3o com forma\u00e7\u00e3o pela Santa Casa de Miseric\u00f3rdia de S\u00e3o Paulo. Membro efetivo da Sociedade Brasileira de Medicina F\u00edsica e Reabilita\u00e7\u00e3o.<\/span><\/p><p><span style=\"color: #949494; font-size: 15px; font-weight: 300;\">P\u00f3s graduado em Medicina do Exerc\u00edcio e do Esporte pela Universidade Federal de S\u00e3o Paulo (UNIFESP). P\u00f3s graduado em Nutrologia pela Sociedade Brasileira de Nutrologia (ABRAN) e atrav\u00e9s da Santa Casa de S\u00e3o Paulo. Graduado em medicina pela Universidade Metropolitana de Santos (UNIMES) em 2010.<\/span><\/p><p><span style=\"color: #949494; font-size: 15px; font-weight: 300;\">Trabalha atualmente na institui\u00e7\u00e3o filantr\u00f3pica AACD, como m\u00e9dico Fisiatra. E atuou desde 2011, como m\u00e9dico respons\u00e1vel pela avalia\u00e7\u00e3o f\u00edsica e m\u00e9dica na academia Reebok Sports Club, maior refer\u00eancia no segmento fitness de alto padr\u00e3o em S\u00e3o Paulo. Sendo respons\u00e1vel pela execu\u00e7\u00e3o dos testes ergom\u00e9tricos solicitados para fins de libera\u00e7\u00e3o para atividade f\u00edsica.<\/span><\/p><p>\u00a0<\/p><\/div><\/div>\t\t\t\t\t\t<\/div>\n\t\t\t\t<\/div>\n\t\t\t\t<div class=\"elementor-element elementor-element-e713bae elementor-align-left elementor-widget elementor-widget-button\" data-id=\"e713bae\" data-element_type=\"widget\" data-widget_type=\"button.default\">\n\t\t\t\t<div class=\"elementor-widget-container\">\n\t\t\t\t\t<div class=\"elementor-button-wrapper\">\n\t\t\t<a href=\"https:\/\/margoweb.com.br\/drjoaoalmeida\/consultorio\/\" class=\"elementor-button-link elementor-button elementor-size-md\" role=\"button\">\n\t\t\t\t\t\t<span class=\"elementor-button-content-wrapper\">\n\t\t\t\t\t\t<span class=\"elementor-button-text\">Conhe\u00e7a o Consult\u00f3rio<\/span>\n\t\t<\/span>\n\t\t\t\t\t<\/a>\n\t\t<\/div>\n\t\t\t\t<\/div>\n\t\t\t\t<\/div>\n\t\t\t\t\t<\/div>\n\t\t<\/div>\n\t\t\t\t\t\t\t<\/div>\n\t\t<\/section>\n\t\t\t\t\t\t<\/div>\n\t\t\t\t\t<\/div>\n\t\t","protected":false},"excerpt":{"rendered":"<p>Sobre Dr. Jo\u00e3o Almeida \u00a0 Especialista em Medicina F\u00edsica e Reabilita\u00e7\u00e3o com forma\u00e7\u00e3o pela Santa Casa de Miseric\u00f3rdia de S\u00e3o Paulo. Membro efetivo da Sociedade Brasileira de Medicina F\u00edsica e Reabilita\u00e7\u00e3o. P\u00f3s graduado em Medicina do Exerc\u00edcio e do Esporte pela Universidade Federal de S\u00e3o Paulo (UNIFESP). P\u00f3s graduado em Nutrologia pela Sociedade Brasileira de&hellip; <a class=\"more-link\" href=\"https:\/\/margoweb.com.br\/drjoaoalmeida\/sobre\/\">Continuar lendo <span class=\"screen-reader-text\">Sobre<\/span><\/a><\/p>\n","protected":false},"author":1,"featured_media":99,"parent":0,"menu_order":0,"comment_status":"closed","ping_status":"closed","template":"elementor_header_footer","meta":{"footnotes":""},"class_list":["post-21","page","type-page","status-publish","has-post-thumbnail","hentry","entry"],"_links":{"self":[{"href":"https:\/\/margoweb.com.br\/drjoaoalmeida\/wp-json\/wp\/v2\/pages\/21","targetHints":{"allow":["GET"]}}],"collection":[{"href":"https:\/\/margoweb.com.br\/drjoaoalmeida\/wp-json\/wp\/v2\/pages"}],"about":[{"href":"https:\/\/margoweb.com.br\/drjoaoalmeida\/wp-json\/wp\/v2\/types\/page"}],"author":[{"embeddable":true,"href":"https:\/\/margoweb.com.br\/drjoaoalmeida\/wp-json\/wp\/v2\/users\/1"}],"replies":[{"embeddable":true,"href":"https:\/\/margoweb.com.br\/drjoaoalmeida\/wp-json\/wp\/v2\/comments?post=21"}],"version-history":[{"count":52,"href":"https:\/\/margoweb.com.br\/drjoaoalmeida\/wp-json\/wp\/v2\/pages\/21\/revisions"}],"predecessor-version":[{"id":261,"href":"https:\/\/margoweb.com.br\/drjoaoalmeida\/wp-json\/wp\/v2\/pages\/21\/revisions\/261"}],"wp:featuredmedia":[{"embeddable":true,"href":"https:\/\/margoweb.com.br\/drjoaoalmeida\/wp-json\/wp\/v2\/media\/99"}],"wp:attachment":[{"href":"https:\/\/margoweb.com.br\/drjoaoalmeida\/wp-json\/wp\/v2\/media?parent=21"}],"curies":[{"name":"wp","href":"https:\/\/api.w.org\/{rel}","templated":true}]}}